{"id":2299,"date":"2024-04-03T13:30:27","date_gmt":"2024-04-03T16:30:27","guid":{"rendered":"https:\/\/saiunojornal.com.br\/?page_id=2299"},"modified":"2024-04-05T19:09:57","modified_gmt":"2024-04-05T22:09:57","slug":"pre-aumentar-limite-cartao-nubank","status":"publish","type":"page","link":"https:\/\/saiunojornal.com.br\/es\/pre-aumentar-limite-cartao-nubank\/","title":{"rendered":"Limite Nubank: veja como aumentar o seu e os benef\u00edcios"},"content":{"rendered":"<p><span style=\"font-weight: 400;\">Buscando benef\u00edcios do cart\u00e3o Nubank? Se voc\u00ea est\u00e1 a procura de benef\u00edcios do cart\u00e3o Nubank, ent\u00e3o voc\u00ea est\u00e1 no lugar certo. Este artigo tem dicas valiosas para voc\u00ea.<\/span><\/p> <p style=\"text-align: center;\"><strong>Essas dicas podem Desbloquear um Limite de R$ 15 MIL!<\/strong><\/p> <p style=\"text-align: center;\"><a class=\"maxbutton-10 maxbutton maxbutton-pre-desenrola-brasil\" href=\"https:\/\/saiunojornal.com.br\/es\/como-aumentar-limite-cartao-nubank\/\"><span class='mb-text'>VER COMO AUMENTAR<\/span><\/a><\/p> <p><span style=\"font-weight: 400;\">O Nubank \u00e9 um dos bancos digitais mais consolidados no mundo. Com isso, os benef\u00edcios para os clientes que optam por seus servi\u00e7os s\u00f3 aumentam, al\u00e9m de uma vida descomplicada. Sabe como? Aqui voc\u00ea ter\u00e1 tudo que precisa saber.<\/span><\/p> <p style=\"text-align: center;\"><strong>Veja como ter um \u00d3TIMO Limite no Cart\u00e3o Nubank!<\/strong><\/p> <p style=\"text-align: center;\"><a class=\"maxbutton-10 maxbutton maxbutton-pre-desenrola-brasil\" href=\"https:\/\/saiunojornal.com.br\/es\/como-aumentar-limite-cartao-nubank\/\"><span class='mb-text'>VER COMO AUMENTAR<\/span><\/a><\/p> <h2><strong>Benef\u00edcios do cart\u00e3o Nubank<\/strong><\/h2> <p><span style=\"font-weight: 400;\">O banco oferece diferentes tipos de servi\u00e7os. Sendo assim, listamos os benef\u00edcios do cart\u00e3o Nubank por bandeira.<\/span><\/p> <p><span style=\"font-weight: 400;\">Aqui est\u00e3o as vantagens de cada cart\u00e3o Nubank:<\/span><\/p> <ol> <li><b> Cart\u00e3o de cr\u00e9dito sem anuidade:<\/b><\/li> <\/ol> <p><span style=\"font-weight: 400;\">Com bandeira Mastercard e garantia dos produtos comprados. Al\u00e9m disso, ele possibilita garantia estendida original, permitindo estender o prazo de garantia de produtos comprados por at\u00e9 um ano, tudo isso sem qualquer custo adicional.<\/span><\/p> <ol start=\"2\"> <li><b> Seguro prote\u00e7\u00e3o de pre\u00e7o<\/b><\/li> <\/ol> <p><span style=\"font-weight: 400;\">Isso significa que se voc\u00ea comprar determinada mercadoria por um pre\u00e7o e encontrar o mesmo produto em outro estabelecimento por um valor mais baixo, voc\u00ea poder\u00e1 solicitar \u00e0 bandeira o reembolso da diferen\u00e7a do valor.\u00a0<\/span><\/p> <ol start=\"3\"> <li><b> Seguro Prote\u00e7\u00e3o de compras<\/b><\/li> <\/ol> <p><span style=\"font-weight: 400;\">Esse servi\u00e7o garante prote\u00e7\u00e3o por dano acidental ou roubo da mercadoria Voc\u00ea poder\u00e1 acionar o seguro em at\u00e9 30 dias a partir da data em que um produto for adquirido.<\/span><\/p> <ol start=\"4\"> <li><b> Controle total dos seus gastos pelo aplicativo<\/b><\/li> <\/ol> <p><span style=\"font-weight: 400;\">Com o aplicativo do Nubank voc\u00ea pode poupar horas na fila do banco. O que j\u00e1 pode ser considerado uma enorme vantagem. Pois, voc\u00ea faz tudo na palma da sua m\u00e3o. Como solicitar aumento do seu limite, controle de gastos, gerar e pagar boleto da fatura da sua internet e outras compras, al\u00e9m de entrar em contato com o atendimento do Nubank.<\/span><\/p> <ol start=\"5\"> <li><b> Cart\u00e3o internacional<\/b><\/li> <\/ol> <p><span style=\"font-weight: 400;\">Como o Nubank \u00e9 um banco al\u00e9m das fronteiras, voc\u00ea tem um cart\u00e3o internacional que \u00e9 aceito no Brasil e em outros pa\u00edses. O Nubank usa a bandeira MasterCard, aceita em mais de 30 milh\u00f5es de estabelecimentos mundo afora.<\/span><\/p> <p style=\"text-align: center;\"><strong>Veja agora o passo a passo de como aumentar seu limite Nubank:<\/strong><\/p> <p style=\"text-align: center;\"><a class=\"maxbutton-10 maxbutton maxbutton-pre-desenrola-brasil\" href=\"https:\/\/saiunojornal.com.br\/es\/como-aumentar-limite-cartao-nubank\/\"><span class='mb-text'>VER COMO AUMENTAR<\/span><\/a><\/p> <h2><strong>Vantagens de ter limite alto<\/strong><\/h2> <p><span style=\"font-weight: 400;\">Existem algumas vantagens de ter altos limites, principalmente se voc\u00ea quer viver de maneira independente. Mas \u00e9 claro, \u00e9 sempre bom pensar e tomar boas decis\u00f5es.\u00a0<\/span><\/p> <p><span style=\"font-weight: 400;\">Por isso, ter um cart\u00e3o com limite alto pode facilitar sua vida. Al\u00e9m disso, pode ser transformado em garantir que voc\u00ea consiga adquirir ou parcelar bens de consumo com pre\u00e7o mais elevado. Por exemplo:<\/span><\/p> <ul> <li style=\"font-weight: 400;\" aria-level=\"1\"><span style=\"font-weight: 400;\">Roupa;<\/span><\/li> <li style=\"font-weight: 400;\" aria-level=\"1\"><span style=\"font-weight: 400;\">Computadores;<\/span><\/li> <li style=\"font-weight: 400;\" aria-level=\"1\"><span style=\"font-weight: 400;\">Celulares;<\/span><\/li> <li style=\"font-weight: 400;\" aria-level=\"1\"><span style=\"font-weight: 400;\">Geladeira;<\/span><\/li> <li style=\"font-weight: 400;\" aria-level=\"1\"><span style=\"font-weight: 400;\">Fog\u00e3o;<\/span><\/li> <li style=\"font-weight: 400;\" aria-level=\"1\"><span style=\"font-weight: 400;\">M\u00f3veis para a casa;<\/span><\/li> <\/ul> <p><span style=\"font-weight: 400;\">Mas, alguns cuidados precisam ser tomados, e algumas a\u00e7\u00f5es devem ser evitadas, como o gasto excessivo e compulsivo, para n\u00e3o comprometer seu or\u00e7amento. Sendo assim, possuir cart\u00e3o de cr\u00e9dito com limite elevado \u00e9 bom para situa\u00e7\u00f5es espec\u00edficas.<\/span><\/p> <h2><strong>Cuidados que precisa tomar com limites do cart\u00e3o Nubank<\/strong><\/h2> <p><span style=\"font-weight: 400;\">Para que voc\u00ea n\u00e3o caia nas armadilhas e evite golpes, sempre \u00e9 bom tomar alguns cuidados com cart\u00e3o de cr\u00e9dito. Confira algumas dicas:<\/span><\/p> <ol> <li><b> Fuja das dores de cabe\u00e7a<\/b><\/li> <\/ol> <p><span style=\"font-weight: 400;\">Ter limite alto \u00e9 muito bom, mas nada de extrapolar. Fa\u00e7a compras dentro do planejamento e fuja das dores de cabe\u00e7a.<\/span><\/p> <ol start=\"2\"> <li><b> Evite pagar o m\u00ednimo ou parcelar a fatura<\/b><\/li> <\/ol> <p><span style=\"font-weight: 400;\">Evite pagar o m\u00ednimo ou parcelar a fatura, assim n\u00e3o haver\u00e1 acrescido de juros, al\u00e9m de Imposto sobre Transa\u00e7\u00f5es Financeiras (IOF) e multas por atraso.<\/span><\/p> <ol start=\"3\"> <li><b> Tenha o m\u00ednimo de cart\u00f5es poss\u00edvel<\/b><\/li> <\/ol> <p><span style=\"font-weight: 400;\">Voc\u00ea j\u00e1 tem o seu Nubank, ent\u00e3o tenha o m\u00ednimo de cart\u00f5es poss\u00edvel. Assim voc\u00ea n\u00e3o vai se encher de d\u00edvidas e diferentes cart\u00f5es.<\/span><\/p> <h2><strong>Vale a pena ter um cart\u00e3o Nubank?<\/strong><\/h2> <p><span style=\"font-weight: 400;\">Sim, vale a pena ter um cart\u00e3o Nubank. Pois o NuConta \u00e9 uma \u00f3tima op\u00e7\u00e3o para as pessoas que buscam maior controle financeiro e rendimento de suas finan\u00e7as.<\/span><\/p> <p><span style=\"font-weight: 400;\">As op\u00e7\u00f5es s\u00e3o um pouco limitadas em rela\u00e7\u00e3o a uma conta corrente. Ainda assim, isso n\u00e3o \u00e9 tido como um problema para quem deseja aplicar seu dinheiro ou cogita empr\u00e9stimos pessoais.<\/span><\/p> <p style=\"text-align: center;\"><strong>Veja como aumentar seu limite Nubank:<\/strong><\/p> <p style=\"text-align: center;\"><a class=\"maxbutton-10 maxbutton maxbutton-pre-desenrola-brasil\" href=\"https:\/\/saiunojornal.com.br\/es\/como-aumentar-limite-cartao-nubank\/\"><span class='mb-text'>VER COMO AUMENTAR<\/span><\/a><\/p>","protected":false},"excerpt":{"rendered":"<p>Buscando benef\u00edcios do cart\u00e3o Nubank? Se voc\u00ea est\u00e1 a procura de benef\u00edcios do cart\u00e3o Nubank, ent\u00e3o voc\u00ea est\u00e1 no lugar certo. Este artigo tem dicas valiosas para voc\u00ea. Essas dicas podem Desbloquear um Limite de R$ 15 MIL! O Nubank \u00e9 um dos bancos digitais mais consolidados no mundo. Com isso, os benef\u00edcios para os &#8230; <a title=\"Limite Nubank: veja como aumentar o seu e os benef\u00edcios\" class=\"read-more\" href=\"https:\/\/saiunojornal.com.br\/es\/pre-aumentar-limite-cartao-nubank\/\" aria-label=\"Leer m\u00e1s sobre Limite Nubank: veja como aumentar o seu e os benef\u00edcios\">Seguir leyendo<\/a><\/p>","protected":false},"author":6,"featured_media":0,"parent":0,"menu_order":0,"comment_status":"closed","ping_status":"closed","template":"","meta":{"footnotes":""},"class_list":["post-2299","page","type-page","status-publish"],"yoast_head":"<!-- This site is optimized with the Yoast SEO plugin v27.3 - https:\/\/yoast.com\/product\/yoast-seo-wordpress\/ -->\n<title>Limite Nubank: veja como aumentar o seu e os benef\u00edcios &#187; Saiu no Jornal<\/title>\n<meta name=\"description\" content=\"Limite Nubank: veja quais s\u00e3o os benef\u00edcios do cart\u00e3o Nubank e como voc\u00ea pode aproveitar o seu &quot;roxinho&quot; e evitar dor de cabe\u00e7a.\" \/>\n<meta name=\"robots\" content=\"index, follow, max-snippet:-1, max-image-preview:large, max-video-preview:-1\" \/>\n<link rel=\"canonical\" href=\"https:\/\/saiunojornal.com.br\/es\/pre-aumentar-limite-cartao-nubank\/\" \/>\n<meta property=\"og:locale\" content=\"es_ES\" \/>\n<meta property=\"og:type\" content=\"article\" \/>\n<meta property=\"og:title\" content=\"Limite Nubank: veja como aumentar o seu e os benef\u00edcios &#187; Saiu no Jornal\" \/>\n<meta property=\"og:description\" content=\"Limite Nubank: veja quais s\u00e3o os benef\u00edcios do cart\u00e3o Nubank e como voc\u00ea pode aproveitar o seu &quot;roxinho&quot; e evitar dor de cabe\u00e7a.\" \/>\n<meta property=\"og:url\" content=\"https:\/\/saiunojornal.com.br\/es\/pre-aumentar-limite-cartao-nubank\/\" \/>\n<meta property=\"og:site_name\" content=\"Saiu no Jornal\" \/>\n<meta property=\"article:modified_time\" content=\"2024-04-05T22:09:57+00:00\" \/>\n<meta name=\"twitter:card\" content=\"summary_large_image\" \/>\n<meta name=\"twitter:label1\" content=\"Tiempo de lectura\" \/>\n\t<meta name=\"twitter:data1\" content=\"4 minutos\" \/>\n<script type=\"application\/ld+json\" class=\"yoast-schema-graph\">{\"@context\":\"https:\\\/\\\/schema.org\",\"@graph\":[{\"@type\":\"WebPage\",\"@id\":\"https:\\\/\\\/saiunojornal.com.br\\\/pre-aumentar-limite-cartao-nubank\\\/\",\"url\":\"https:\\\/\\\/saiunojornal.com.br\\\/pre-aumentar-limite-cartao-nubank\\\/\",\"name\":\"Limite Nubank: veja como aumentar o seu e os benef\u00edcios &#187; Saiu no Jornal\",\"isPartOf\":{\"@id\":\"https:\\\/\\\/saiunojornal.com.br\\\/#website\"},\"datePublished\":\"2024-04-03T16:30:27+00:00\",\"dateModified\":\"2024-04-05T22:09:57+00:00\",\"description\":\"Limite Nubank: veja quais s\u00e3o os benef\u00edcios do cart\u00e3o Nubank e como voc\u00ea pode aproveitar o seu \\\"roxinho\\\" e evitar dor de cabe\u00e7a.\",\"breadcrumb\":{\"@id\":\"https:\\\/\\\/saiunojornal.com.br\\\/pre-aumentar-limite-cartao-nubank\\\/#breadcrumb\"},\"inLanguage\":\"es\",\"potentialAction\":[{\"@type\":\"ReadAction\",\"target\":[\"https:\\\/\\\/saiunojornal.com.br\\\/pre-aumentar-limite-cartao-nubank\\\/\"]}]},{\"@type\":\"BreadcrumbList\",\"@id\":\"https:\\\/\\\/saiunojornal.com.br\\\/pre-aumentar-limite-cartao-nubank\\\/#breadcrumb\",\"itemListElement\":[{\"@type\":\"ListItem\",\"position\":1,\"name\":\"In\u00edcio\",\"item\":\"https:\\\/\\\/saiunojornal.com.br\\\/\"},{\"@type\":\"ListItem\",\"position\":2,\"name\":\"Limite Nubank: veja como aumentar o seu e os benef\u00edcios\"}]},{\"@type\":\"WebSite\",\"@id\":\"https:\\\/\\\/saiunojornal.com.br\\\/#website\",\"url\":\"https:\\\/\\\/saiunojornal.com.br\\\/\",\"name\":\"Saiu no Jornal\",\"description\":\"\",\"potentialAction\":[{\"@type\":\"SearchAction\",\"target\":{\"@type\":\"EntryPoint\",\"urlTemplate\":\"https:\\\/\\\/saiunojornal.com.br\\\/?s={search_term_string}\"},\"query-input\":{\"@type\":\"PropertyValueSpecification\",\"valueRequired\":true,\"valueName\":\"search_term_string\"}}],\"inLanguage\":\"es\"}]}<\/script>\n<!-- \/ Yoast SEO plugin. -->","yoast_head_json":{"title":"Limite Nubank: veja como aumentar o seu e os benef\u00edcios &#187; Saiu no Jornal","description":"Limite Nubank: veja quais s\u00e3o os benef\u00edcios do cart\u00e3o Nubank e como voc\u00ea pode aproveitar o seu \"roxinho\" e evitar dor de cabe\u00e7a.","robots":{"index":"index","follow":"follow","max-snippet":"max-snippet:-1","max-image-preview":"max-image-preview:large","max-video-preview":"max-video-preview:-1"},"canonical":"https:\/\/saiunojornal.com.br\/es\/pre-aumentar-limite-cartao-nubank\/","og_locale":"es_ES","og_type":"article","og_title":"Limite Nubank: veja como aumentar o seu e os benef\u00edcios &#187; Saiu no Jornal","og_description":"Limite Nubank: veja quais s\u00e3o os benef\u00edcios do cart\u00e3o Nubank e como voc\u00ea pode aproveitar o seu \"roxinho\" e evitar dor de cabe\u00e7a.","og_url":"https:\/\/saiunojornal.com.br\/es\/pre-aumentar-limite-cartao-nubank\/","og_site_name":"Saiu no Jornal","article_modified_time":"2024-04-05T22:09:57+00:00","twitter_card":"summary_large_image","twitter_misc":{"Tiempo de lectura":"4 minutos"},"schema":{"@context":"https:\/\/schema.org","@graph":[{"@type":"WebPage","@id":"https:\/\/saiunojornal.com.br\/pre-aumentar-limite-cartao-nubank\/","url":"https:\/\/saiunojornal.com.br\/pre-aumentar-limite-cartao-nubank\/","name":"Limite Nubank: veja como aumentar o seu e os benef\u00edcios &#187; Saiu no Jornal","isPartOf":{"@id":"https:\/\/saiunojornal.com.br\/#website"},"datePublished":"2024-04-03T16:30:27+00:00","dateModified":"2024-04-05T22:09:57+00:00","description":"Limite Nubank: veja quais s\u00e3o os benef\u00edcios do cart\u00e3o Nubank e como voc\u00ea pode aproveitar o seu \"roxinho\" e evitar dor de cabe\u00e7a.","breadcrumb":{"@id":"https:\/\/saiunojornal.com.br\/pre-aumentar-limite-cartao-nubank\/#breadcrumb"},"inLanguage":"es","potentialAction":[{"@type":"ReadAction","target":["https:\/\/saiunojornal.com.br\/pre-aumentar-limite-cartao-nubank\/"]}]},{"@type":"BreadcrumbList","@id":"https:\/\/saiunojornal.com.br\/pre-aumentar-limite-cartao-nubank\/#breadcrumb","itemListElement":[{"@type":"ListItem","position":1,"name":"In\u00edcio","item":"https:\/\/saiunojornal.com.br\/"},{"@type":"ListItem","position":2,"name":"Limite Nubank: veja como aumentar o seu e os benef\u00edcios"}]},{"@type":"WebSite","@id":"https:\/\/saiunojornal.com.br\/#website","url":"https:\/\/saiunojornal.com.br\/","name":"Apareci\u00f3 en el peri\u00f3dico","description":"","potentialAction":[{"@type":"SearchAction","target":{"@type":"EntryPoint","urlTemplate":"https:\/\/saiunojornal.com.br\/?s={search_term_string}"},"query-input":{"@type":"PropertyValueSpecification","valueRequired":true,"valueName":"search_term_string"}}],"inLanguage":"es"}]}},"jetpack_sharing_enabled":true,"_links":{"self":[{"href":"https:\/\/saiunojornal.com.br\/es\/wp-json\/wp\/v2\/pages\/2299","targetHints":{"allow":["GET"]}}],"collection":[{"href":"https:\/\/saiunojornal.com.br\/es\/wp-json\/wp\/v2\/pages"}],"about":[{"href":"https:\/\/saiunojornal.com.br\/es\/wp-json\/wp\/v2\/types\/page"}],"author":[{"embeddable":true,"href":"https:\/\/saiunojornal.com.br\/es\/wp-json\/wp\/v2\/users\/6"}],"replies":[{"embeddable":true,"href":"https:\/\/saiunojornal.com.br\/es\/wp-json\/wp\/v2\/comments?post=2299"}],"version-history":[{"count":8,"href":"https:\/\/saiunojornal.com.br\/es\/wp-json\/wp\/v2\/pages\/2299\/revisions"}],"predecessor-version":[{"id":2319,"href":"https:\/\/saiunojornal.com.br\/es\/wp-json\/wp\/v2\/pages\/2299\/revisions\/2319"}],"wp:attachment":[{"href":"https:\/\/saiunojornal.com.br\/es\/wp-json\/wp\/v2\/media?parent=2299"}],"curies":[{"name":"wp","href":"https:\/\/api.w.org\/{rel}","templated":true}]}}