{"id":2399,"date":"2024-04-25T10:19:06","date_gmt":"2024-04-25T13:19:06","guid":{"rendered":"https:\/\/saiunojornal.com.br\/?page_id=2399"},"modified":"2024-10-10T09:53:04","modified_gmt":"2024-10-10T12:53:04","slug":"pre-kit-de-energia-solar","status":"publish","type":"page","link":"https:\/\/saiunojornal.com.br\/es\/pre-kit-de-energia-solar\/","title":{"rendered":"Descubra como Zerar a Sua Conta de Luz com o Kit de Energia Solar Gr\u00e1tis"},"content":{"rendered":"<p>Interessado em adquirir um <strong>Kit de energ\u00eda solar<\/strong> sem qualquer tipo de custo que possa existir? Talvez voc\u00ea se pergunte se isso \u00e9 vi\u00e1vel. Bem, aqui estamos para esclarecer.<\/p> <p style=\"text-align: center;\"><strong>Veja o passo a passo para ZERAR a sua conta de Luz com o Projeto de Energia Solar Gr\u00e1tis do Governo!<\/strong><\/p> <p style=\"text-align: center;\"><a class=\"maxbutton-11 maxbutton maxbutton-kit-de-energia-solar\" href=\"https:\/\/saiunojornal.com.br\/es\/kit-de-energia-solar\/\"><span class='mb-text'>VEJA COMO SOLICITAR<\/span><\/a><\/p> <p>Vamos explorar o mundo da energia solar, suas in\u00fameras vantagens e muito mais. Prepare-se para descobrir tudo o que voc\u00ea precisa saber sobre essa incr\u00edvel fonte de energia. Vem conosco!<\/p> <p style=\"text-align: center;\"><strong>Descubra como solicitar seu kit Energia Solar Gr\u00e1tis e Zere sua conta de Luz!<\/strong><\/p> <p style=\"text-align: center;\"><a class=\"maxbutton-11 maxbutton maxbutton-kit-de-energia-solar\" href=\"https:\/\/saiunojornal.com.br\/es\/kit-de-energia-solar\/\"><span class='mb-text'>VEJA COMO SOLICITAR<\/span><\/a><\/p> <h2><strong>O que \u00e9 a Energia Solar?<\/strong><\/h2> <p>Voc\u00ea sabia que a energia solar, uma fonte renov\u00e1vel e sustent\u00e1vel, \u00e9 gerada a partir da luz do sol? Esse tipo de energia age proporcionando uma alternativa limpa e abundante para o suprimento de energia!<\/p> <p>Vale destacar que a energia solar \u00e9 capturada pelos pain\u00e9is solares, compostos por c\u00e9lulas fotovoltaicas. De modo que, dentro dessas c\u00e9lulas os materiais semicondutores, como o sil\u00edcio, desempenham um papel crucial ao absorver os f\u00f3tons da luz solar. Esse processo \u00e9 conhecido nada mais nada menos do que como efeito fotovoltaico, e converte diretamente a luz solar em eletricidade, formando assim as c\u00e9lulas solares que alimentam sistemas de energia solar em todo o mundo. Fant\u00e1stico, n\u00e3o \u00e9 mesmo?<\/p> <p>Al\u00e9m disso, \u00e9 importante ter em mente que o <strong>Kit de energ\u00eda solar<\/strong> \u00e9 conhecido por ser uma fonte de energia limpa e sustent\u00e1vel, uma vez que sua gera\u00e7\u00e3o n\u00e3o produz emiss\u00f5es de gases do efeito estufa ou poluentes atmosf\u00e9ricos prejudiciais. Por fim, n\u00e3o se esque\u00e7a que o sol \u00e9 uma fonte virtualmente inesgot\u00e1vel de energia, o que a torna uma escolha atrativa e promissora para diminuir a depend\u00eancia de combust\u00edveis f\u00f3sseis e mitigar significativamente os impactos das mudan\u00e7as clim\u00e1ticas!<\/p> <h3><strong>Tipos de Energia Solar<\/strong><\/h3> <p>Como explicamos anteriormente, existem dois tipos de energia solar: a fotovoltaica, e a t\u00e9rmica. Desse modo, agora, voc\u00ea poder\u00e1 conhecer mais detalhes sobre cada uma delas. Veja abaixo.<\/p> <ul> <li>Fotovoltaica: Neste m\u00e9todo, os pain\u00e9is solares convertem diretamente a luz do sol em eletricidade. A eletricidade gerada pode ser utilizada para alimentar resid\u00eancias, empresas e at\u00e9 mesmo redes el\u00e9tricas inteiras.<\/li> <li>T\u00e9rmica: Na abordagem t\u00e9rmica, a energia solar \u00e9 empregada para aquecer fluidos, como \u00e1gua ou l\u00edquidos refrigerantes, com o objetivo de gerar vapor que aciona turbinas conectadas a geradores el\u00e9tricos. Esse m\u00e9todo \u00e9 frequentemente adotado em sistemas de aquecimento de \u00e1gua para resid\u00eancias e empresas.<\/li> <\/ul> <h2><strong>Benef\u00edcios do Kit Energia Solar<\/strong><\/h2> <p>O <strong>Kit Energia Solar<\/strong> possui benef\u00edcios inemagin\u00e1veis! Abaixo, voc\u00ea poder\u00e1 conferir alguns deles.<\/p> <ul> <li><strong>Facilidade de manuten\u00e7\u00e3o:<\/strong> Os sistemas de energia solar s\u00e3o not\u00e1veis pela sua facilidade de manuten\u00e7\u00e3o. Uma vez instalados, requerem apenas limpeza e inspe\u00e7\u00e3o ocasionais, pois s\u00e3o projetados para operar por longos per\u00edodos sem problemas significativos.<\/li> <li><strong>Redu\u00e7\u00e3o de despesas:<\/strong> Adotar energia solar pode resultar em significativa redu\u00e7\u00e3o nas contas de energia el\u00e9trica, uma vez que voc\u00ea passa a gerar sua pr\u00f3pria eletricidade. Com custos de manuten\u00e7\u00e3o baixos, a economia a longo prazo pode ser consider\u00e1vel.<\/li> <li><strong>Valoriza\u00e7\u00e3o do im\u00f3vel:<\/strong> A instala\u00e7\u00e3o de sistemas de energia solar em resid\u00eancias ou empresas tende a valorizar os im\u00f3veis. Os potenciais compradores reconhecem os benef\u00edcios de economia de energia, o que pode aumentar o interesse pelo local. Al\u00e9m disso, voc\u00ea recupera o investimento realizado, muitas vezes com lucro.<\/li> <li><strong>Sustentabilidade:<\/strong> A energia solar \u00e9 uma op\u00e7\u00e3o sustent\u00e1vel que n\u00e3o causa danos ao meio ambiente. Ao contr\u00e1rio das usinas hidrel\u00e9tricas, que podem ter impactos ambientais negativos, a energia solar \u00e9 amiga da natureza em todas as fases, desde a instala\u00e7\u00e3o at\u00e9 o descarte.<\/li> <li><strong>Armazenamento:<\/strong> Ter um sistema de energia solar pr\u00f3prio proporciona maior independ\u00eancia energ\u00e9tica. Voc\u00ea pode gerar toda a energia necess\u00e1ria e at\u00e9 armazen\u00e1-la para uso posterior, se desejar.<\/li> <\/ul> <p>Al\u00e9m disso, antes considerada cara e de dif\u00edcil acesso, a energia solar tornou-se mais acess\u00edvel e popular nos \u00faltimos anos! Com a redu\u00e7\u00e3o significativa dos custos, essa tecnologia est\u00e1 ao alcance de um n\u00famero cada vez maior de pessoas. Vem conferir agora mesmo todos os detalhes sobre como obter um <strong>Kit de Energia Solar Sem Custos<\/strong>!<\/p> <p style=\"text-align: center;\"><strong>Confira ser\u00e1 a solicita\u00e7\u00e3o do Kit Energia Solar Gr\u00e1tis!<\/strong><\/p> <p style=\"text-align: center;\"><strong><a class=\"maxbutton-11 maxbutton maxbutton-kit-de-energia-solar\" href=\"https:\/\/saiunojornal.com.br\/es\/kit-de-energia-solar\/\"><span class='mb-text'>VEJA COMO SOLICITAR<\/span><\/a><\/strong><\/p>","protected":false},"excerpt":{"rendered":"<p>Interessado em adquirir um Kit de Energia Solar sem qualquer tipo de custo que possa existir? Talvez voc\u00ea se pergunte se isso \u00e9 vi\u00e1vel. Bem, aqui estamos para esclarecer. Veja o passo a passo para ZERAR a sua conta de Luz com o Projeto de Energia Solar Gr\u00e1tis do Governo! Vamos explorar o mundo da &#8230; <a title=\"Descubra como Zerar a Sua Conta de Luz com o Kit de Energia Solar Gr\u00e1tis\" class=\"read-more\" href=\"https:\/\/saiunojornal.com.br\/es\/pre-kit-de-energia-solar\/\" aria-label=\"Leer m\u00e1s sobre Descubra como Zerar a Sua Conta de Luz com o Kit de Energia Solar Gr\u00e1tis\">Seguir leyendo<\/a><\/p>","protected":false},"author":1,"featured_media":0,"parent":0,"menu_order":0,"comment_status":"closed","ping_status":"closed","template":"","meta":{"footnotes":""},"class_list":["post-2399","page","type-page","status-publish"],"yoast_head":"<!-- This site is optimized with the Yoast SEO plugin v27.3 - https:\/\/yoast.com\/product\/yoast-seo-wordpress\/ -->\n<title>Descubra como Zerar a Sua Conta de Luz com o Kit de Energia Solar Gr\u00e1tis &#187; Saiu no Jornal<\/title>\n<meta name=\"robots\" content=\"index, follow, max-snippet:-1, max-image-preview:large, max-video-preview:-1\" \/>\n<link rel=\"canonical\" href=\"https:\/\/saiunojornal.com.br\/es\/pre-kit-de-energia-solar\/\" \/>\n<meta property=\"og:locale\" content=\"es_ES\" \/>\n<meta property=\"og:type\" content=\"article\" \/>\n<meta property=\"og:title\" content=\"Descubra como Zerar a Sua Conta de Luz com o Kit de Energia Solar Gr\u00e1tis &#187; Saiu no Jornal\" \/>\n<meta property=\"og:description\" content=\"Interessado em adquirir um Kit de Energia Solar sem qualquer tipo de custo que possa existir? Talvez voc\u00ea se pergunte se isso \u00e9 vi\u00e1vel. Bem, aqui estamos para esclarecer. Veja o passo a passo para ZERAR a sua conta de Luz com o Projeto de Energia Solar Gr\u00e1tis do Governo! Vamos explorar o mundo da ... Leer m\u00e1s\" \/>\n<meta property=\"og:url\" content=\"https:\/\/saiunojornal.com.br\/es\/pre-kit-de-energia-solar\/\" \/>\n<meta property=\"og:site_name\" content=\"Saiu no Jornal\" \/>\n<meta property=\"article:modified_time\" content=\"2024-10-10T12:53:04+00:00\" \/>\n<meta name=\"twitter:card\" content=\"summary_large_image\" \/>\n<meta name=\"twitter:label1\" content=\"Tiempo de lectura\" \/>\n\t<meta name=\"twitter:data1\" content=\"4 minutos\" \/>\n<script type=\"application\/ld+json\" class=\"yoast-schema-graph\">{\"@context\":\"https:\\\/\\\/schema.org\",\"@graph\":[{\"@type\":\"WebPage\",\"@id\":\"https:\\\/\\\/saiunojornal.com.br\\\/pre-kit-de-energia-solar\\\/\",\"url\":\"https:\\\/\\\/saiunojornal.com.br\\\/pre-kit-de-energia-solar\\\/\",\"name\":\"Descubra como Zerar a Sua Conta de Luz com o Kit de Energia Solar Gr\u00e1tis &#187; Saiu no Jornal\",\"isPartOf\":{\"@id\":\"https:\\\/\\\/saiunojornal.com.br\\\/#website\"},\"datePublished\":\"2024-04-25T13:19:06+00:00\",\"dateModified\":\"2024-10-10T12:53:04+00:00\",\"breadcrumb\":{\"@id\":\"https:\\\/\\\/saiunojornal.com.br\\\/pre-kit-de-energia-solar\\\/#breadcrumb\"},\"inLanguage\":\"es\",\"potentialAction\":[{\"@type\":\"ReadAction\",\"target\":[\"https:\\\/\\\/saiunojornal.com.br\\\/pre-kit-de-energia-solar\\\/\"]}]},{\"@type\":\"BreadcrumbList\",\"@id\":\"https:\\\/\\\/saiunojornal.com.br\\\/pre-kit-de-energia-solar\\\/#breadcrumb\",\"itemListElement\":[{\"@type\":\"ListItem\",\"position\":1,\"name\":\"In\u00edcio\",\"item\":\"https:\\\/\\\/saiunojornal.com.br\\\/\"},{\"@type\":\"ListItem\",\"position\":2,\"name\":\"Descubra como Zerar a Sua Conta de Luz com o Kit de Energia Solar Gr\u00e1tis\"}]},{\"@type\":\"WebSite\",\"@id\":\"https:\\\/\\\/saiunojornal.com.br\\\/#website\",\"url\":\"https:\\\/\\\/saiunojornal.com.br\\\/\",\"name\":\"Saiu no Jornal\",\"description\":\"\",\"potentialAction\":[{\"@type\":\"SearchAction\",\"target\":{\"@type\":\"EntryPoint\",\"urlTemplate\":\"https:\\\/\\\/saiunojornal.com.br\\\/?s={search_term_string}\"},\"query-input\":{\"@type\":\"PropertyValueSpecification\",\"valueRequired\":true,\"valueName\":\"search_term_string\"}}],\"inLanguage\":\"es\"}]}<\/script>\n<!-- \/ Yoast SEO plugin. -->","yoast_head_json":{"title":"Descubra como Zerar a Sua Conta de Luz com o Kit de Energia Solar Gr\u00e1tis &#187; Saiu no Jornal","robots":{"index":"index","follow":"follow","max-snippet":"max-snippet:-1","max-image-preview":"max-image-preview:large","max-video-preview":"max-video-preview:-1"},"canonical":"https:\/\/saiunojornal.com.br\/es\/pre-kit-de-energia-solar\/","og_locale":"es_ES","og_type":"article","og_title":"Descubra como Zerar a Sua Conta de Luz com o Kit de Energia Solar Gr\u00e1tis &#187; Saiu no Jornal","og_description":"Interessado em adquirir um Kit de Energia Solar sem qualquer tipo de custo que possa existir? Talvez voc\u00ea se pergunte se isso \u00e9 vi\u00e1vel. Bem, aqui estamos para esclarecer. Veja o passo a passo para ZERAR a sua conta de Luz com o Projeto de Energia Solar Gr\u00e1tis do Governo! Vamos explorar o mundo da ... Leer m\u00e1s","og_url":"https:\/\/saiunojornal.com.br\/es\/pre-kit-de-energia-solar\/","og_site_name":"Saiu no Jornal","article_modified_time":"2024-10-10T12:53:04+00:00","twitter_card":"summary_large_image","twitter_misc":{"Tiempo de lectura":"4 minutos"},"schema":{"@context":"https:\/\/schema.org","@graph":[{"@type":"WebPage","@id":"https:\/\/saiunojornal.com.br\/pre-kit-de-energia-solar\/","url":"https:\/\/saiunojornal.com.br\/pre-kit-de-energia-solar\/","name":"Descubra como Zerar a Sua Conta de Luz com o Kit de Energia Solar Gr\u00e1tis &#187; Saiu no Jornal","isPartOf":{"@id":"https:\/\/saiunojornal.com.br\/#website"},"datePublished":"2024-04-25T13:19:06+00:00","dateModified":"2024-10-10T12:53:04+00:00","breadcrumb":{"@id":"https:\/\/saiunojornal.com.br\/pre-kit-de-energia-solar\/#breadcrumb"},"inLanguage":"es","potentialAction":[{"@type":"ReadAction","target":["https:\/\/saiunojornal.com.br\/pre-kit-de-energia-solar\/"]}]},{"@type":"BreadcrumbList","@id":"https:\/\/saiunojornal.com.br\/pre-kit-de-energia-solar\/#breadcrumb","itemListElement":[{"@type":"ListItem","position":1,"name":"In\u00edcio","item":"https:\/\/saiunojornal.com.br\/"},{"@type":"ListItem","position":2,"name":"Descubra como Zerar a Sua Conta de Luz com o Kit de Energia Solar Gr\u00e1tis"}]},{"@type":"WebSite","@id":"https:\/\/saiunojornal.com.br\/#website","url":"https:\/\/saiunojornal.com.br\/","name":"Apareci\u00f3 en el peri\u00f3dico","description":"","potentialAction":[{"@type":"SearchAction","target":{"@type":"EntryPoint","urlTemplate":"https:\/\/saiunojornal.com.br\/?s={search_term_string}"},"query-input":{"@type":"PropertyValueSpecification","valueRequired":true,"valueName":"search_term_string"}}],"inLanguage":"es"}]}},"jetpack_sharing_enabled":true,"_links":{"self":[{"href":"https:\/\/saiunojornal.com.br\/es\/wp-json\/wp\/v2\/pages\/2399","targetHints":{"allow":["GET"]}}],"collection":[{"href":"https:\/\/saiunojornal.com.br\/es\/wp-json\/wp\/v2\/pages"}],"about":[{"href":"https:\/\/saiunojornal.com.br\/es\/wp-json\/wp\/v2\/types\/page"}],"author":[{"embeddable":true,"href":"https:\/\/saiunojornal.com.br\/es\/wp-json\/wp\/v2\/users\/1"}],"replies":[{"embeddable":true,"href":"https:\/\/saiunojornal.com.br\/es\/wp-json\/wp\/v2\/comments?post=2399"}],"version-history":[{"count":7,"href":"https:\/\/saiunojornal.com.br\/es\/wp-json\/wp\/v2\/pages\/2399\/revisions"}],"predecessor-version":[{"id":2605,"href":"https:\/\/saiunojornal.com.br\/es\/wp-json\/wp\/v2\/pages\/2399\/revisions\/2605"}],"wp:attachment":[{"href":"https:\/\/saiunojornal.com.br\/es\/wp-json\/wp\/v2\/media?parent=2399"}],"curies":[{"name":"wp","href":"https:\/\/api.w.org\/{rel}","templated":true}]}}