{"id":2478,"date":"2024-09-03T09:03:28","date_gmt":"2024-09-03T12:03:28","guid":{"rendered":"https:\/\/saiunojornal.com.br\/?page_id=2478"},"modified":"2024-09-03T09:06:02","modified_gmt":"2024-09-03T12:06:02","slug":"pre-aplicativo-horarios-de-onibus","status":"publish","type":"page","link":"https:\/\/saiunojornal.com.br\/es\/pre-aplicativo-horarios-de-onibus\/","title":{"rendered":"Descubra o Melhor Aplicativo para Ver Hor\u00e1rios de \u00d4nibus"},"content":{"rendered":"<p>Um dos grandes desafios dos brasileiros \u00e9 enfrentar o tr\u00e2nsito. Para quem utiliza o transporte p\u00fablico, especialmente nas grandes cidades, o tempo gasto em trajetos entre casa e trabalho \u00e9 significativo. E, para diminuir essa parcela do tempo gasto, uma boa alternativa \u00e9 utilizar um bom aplicativo para ver hor\u00e1rios de \u00f4nibus.<\/p> <p style=\"text-align: center;\"><em><strong>Veja como baixar o aplicativo no celular!<\/strong><\/em><\/p> <p style=\"text-align: center;\"><a class=\"maxbutton-22 maxbutton maxbutton-baixar-app-de-onibus\" title=\"DESCARGAR AHORA\" href=\"https:\/\/saiunojornal.com.br\/es\/aplicativo-horarios-de-onibus\/\"><span class='mb-text'>DESCARGAR LA APLICACI\u00d3N BUS<\/span><\/a><\/p> <p>O uso da tecnologia \u00e9 um facilitador do dia a dia em muitos aspectos. Isso porque, facilitar a rotina significa ganhar mais tempo para outras atividades. E, com o uso dos aplicativos certos, voc\u00ea poder\u00e1 direcionar melhor o seu tempo, investir na fam\u00edlia, praticar atividades de lazer, aprender coisas novas ou, simplesmente, descansar.<\/p> <p>N\u00f3s separamos aqui tudo o que voc\u00ea precisa saber para encontrar o melhor aplicativo para ver hor\u00e1rios de \u00f4nibus. Assim voc\u00ea se desloca de maneira mais segura e r\u00e1pida.<\/p> <p style=\"text-align: center;\"><em><strong>Veja como baixar o aplicativo no celular!<\/strong><\/em><\/p> <p style=\"text-align: center;\"><a class=\"maxbutton-22 maxbutton maxbutton-baixar-app-de-onibus\" title=\"DESCARGAR AHORA\" href=\"https:\/\/saiunojornal.com.br\/es\/aplicativo-horarios-de-onibus\/\"><span class='mb-text'>DESCARGAR LA APLICACI\u00d3N BUS<\/span><\/a><\/p> <h2><strong>O que \u00e9 um aplicativo para ver hor\u00e1rios de \u00f4nibus<\/strong><\/h2> <p>Claramente, um aplicativo para ver hor\u00e1rios de \u00f4nibus vai facilitar a sua vida. Afinal, al\u00e9m de agilidade, voc\u00ea ganha tamb\u00e9m em seguran\u00e7a. Por\u00e9m, isso ser\u00e1 efetivo se voc\u00ea escolher o aplicativo certo.<\/p> <p>A ideia do aplicativo \u00e9 facilitar a vida dos usu\u00e1rios de transporte p\u00fablico. Quem utiliza de maneira inteligente, consegue tra\u00e7ar bons trajetos, descobrir os hor\u00e1rios e nunca mais perder o transporte por poucos minutos.<\/p> <p>Esses aplicativos s\u00e3o f\u00e1ceis de instala e usar. A prop\u00f3sito, muitos deles s\u00e3o gratuitos e est\u00e3o dispon\u00edveis nas lojas de aplicativos de celulares com Android e IOS. Ent\u00e3o, \u00e9 s\u00f3 baixar, ativar a localiza\u00e7\u00e3o do celular e come\u00e7ar a utilizar.<\/p> <p>De maneira geral, um aplicativo de mobilidade oferece funcionalidades importantes e interessantes. Ele \u00e9 capaz, por exemplo, de tra\u00e7ar a melhor rota para voc\u00ea, considerando os transportes p\u00fablicos dispon\u00edveis, a partir da inser\u00e7\u00e3o do seu ponto de partido e de chegada.<\/p> <p>Juntamente com a melhor rota naquele momento, o aplicativo tamb\u00e9m indica os hor\u00e1rios exatos dos \u00f4nibus e o trajeto detalhado que ele faz. Dessa forma, voc\u00ea tamb\u00e9m vai saber quanto tempo voc\u00ea tem para chegar no ponto de partida e quanto ter\u00e1 que aguardar pelo \u00f4nibus.<\/p> <p>Com todas as informa\u00e7\u00f5es em m\u00e3os, voc\u00ea n\u00e3o ter\u00e1 mais raz\u00f5es para se atrasar. Al\u00e9m disso, vai tornar o seu dia muito mais fluido e produtivo.<\/p> <p style=\"text-align: center;\"><em><strong>Veja como baixar o aplicativo no celular!<\/strong><\/em><\/p> <p style=\"text-align: center;\"><a class=\"maxbutton-22 maxbutton maxbutton-baixar-app-de-onibus\" title=\"DESCARGAR AHORA\" href=\"https:\/\/saiunojornal.com.br\/es\/aplicativo-horarios-de-onibus\/\"><span class='mb-text'>DESCARGAR LA APLICACI\u00d3N BUS<\/span><\/a><\/p> <h2><strong>Vantagens de utilizar um aplicativo de hor\u00e1rios de \u00f4nibus<\/strong><\/h2> <p>Depois de conhecer as funcionalidades e possibilidades de um bom <strong>aplicativo de ver hor\u00e1rios de \u00f4nibus<\/strong>, as vantagens de utiliz\u00e1-lo ficam bem mais evidentes. Afinal, o tempo \u00e9 a moeda de troca mais preciosa da atualidade, ent\u00e3o, vale a pena geri-lo da melhor maneira.<\/p> <h3><strong>Economia de tempo<\/strong><\/h3> <p>Dito isso, a primeira vantagem de ter o aplicativo no seu celular \u00e9 o ganho de tempo. Isso porque, ao inv\u00e9s de passar horas e horas esperando por um \u00f4nibus e se deslocando lentamente para os seus compromissos, voc\u00ea pode fazer isso com muito mais rapidez, utilizando um <strong>aplicativo de ver hor\u00e1rios de \u00f4nibus<\/strong>.<\/p> <p>O tempo economizado poder\u00e1 ser aplicado em outras atividades importantes.\u00a0 Como exemplo disso, voc\u00ea poder\u00e1 ter mais tempo com a fam\u00edlia, mais horas de lazer e descanso e mais espa\u00e7o para aprimorar suas habilidades com outras atividades.<\/p> <h3><strong>Localiza\u00e7\u00e3o<\/strong><\/h3> <p>O aplicativo tamb\u00e9m te ajuda a se localizar. Mesmo que n\u00e3o esteja em uma \u00e1rea conhecida por voc\u00ea, ser\u00e1 poss\u00edvel se deslocar a partir da consulta ao aplicativo. Para isso, basta indicar aonde voc\u00ea est\u00e1 no momento e para onde pretende ir.<\/p> <p>Al\u00e9m de mostrar hor\u00e1rios exatos dos \u00f4nibus, o aplicativo tem outras fun\u00e7\u00f5es. Ele poder\u00e1 te mostrar, por exemplo, quais s\u00e3o as op\u00e7\u00f5es de transporte naquela rota e como chegar aos pontos de embarque.<\/p> <h3><strong>Seguridad<\/strong><\/h3> <p>Por fim, embora n\u00e3o esgote a enorme lista de vantagens, utilizar um <strong>aplicativo de ver hor\u00e1rios de \u00f4nibus<\/strong> torna o seu trajeto mais seguro. Especialmente em cidades grandes, quanto menos tempo voc\u00ea passar exposto parado nos pontos de embarque, mais seguro estar\u00e1.<\/p> <p>Como pode ver, s\u00e3o muitas as vantagens de utilizar a tecnologia em seu favor. Ent\u00e3o, vale a pena ter uma boa ferramenta que te dar\u00e1 condi\u00e7\u00f5es de se deslocar de forma estrat\u00e9gica, inteligente e segura.<\/p> <p style=\"text-align: center;\"><em><strong>Veja como baixar o aplicativo no celular!<\/strong><\/em><\/p> <p style=\"text-align: center;\"><a class=\"maxbutton-22 maxbutton maxbutton-baixar-app-de-onibus\" title=\"DESCARGAR AHORA\" href=\"https:\/\/saiunojornal.com.br\/es\/aplicativo-horarios-de-onibus\/\"><span class='mb-text'>DESCARGAR LA APLICACI\u00d3N BUS<\/span><\/a><\/p>","protected":false},"excerpt":{"rendered":"<p>Um dos grandes desafios dos brasileiros \u00e9 enfrentar o tr\u00e2nsito. Para quem utiliza o transporte p\u00fablico, especialmente nas grandes cidades, o tempo gasto em trajetos entre casa e trabalho \u00e9 significativo. E, para diminuir essa parcela do tempo gasto, uma boa alternativa \u00e9 utilizar um bom aplicativo para ver hor\u00e1rios de \u00f4nibus. Veja como baixar &#8230; <a title=\"Descubra o Melhor Aplicativo para Ver Hor\u00e1rios de \u00d4nibus\" class=\"read-more\" href=\"https:\/\/saiunojornal.com.br\/es\/pre-aplicativo-horarios-de-onibus\/\" aria-label=\"Leer m\u00e1s sobre Descubra o Melhor Aplicativo para Ver Hor\u00e1rios de \u00d4nibus\">Seguir leyendo<\/a><\/p>","protected":false},"author":2,"featured_media":0,"parent":0,"menu_order":0,"comment_status":"closed","ping_status":"closed","template":"","meta":{"footnotes":""},"class_list":["post-2478","page","type-page","status-publish"],"yoast_head":"<!-- This site is optimized with the Yoast SEO plugin v27.3 - https:\/\/yoast.com\/product\/yoast-seo-wordpress\/ -->\n<title>Descubra o Melhor Aplicativo para Ver Hor\u00e1rios de \u00d4nibus &#187; Saiu no Jornal<\/title>\n<meta name=\"description\" content=\"Descubra aqui como fazer um trajeto mais r\u00e1pido e eficiente utilizando o melhor aplicativo para ver hor\u00e1rios de \u00f4nibus.\" \/>\n<meta name=\"robots\" content=\"index, follow, max-snippet:-1, max-image-preview:large, max-video-preview:-1\" \/>\n<link rel=\"canonical\" href=\"https:\/\/saiunojornal.com.br\/es\/pre-aplicativo-horarios-de-onibus\/\" \/>\n<meta property=\"og:locale\" content=\"es_ES\" \/>\n<meta property=\"og:type\" content=\"article\" \/>\n<meta property=\"og:title\" content=\"Descubra o Melhor Aplicativo para Ver Hor\u00e1rios de \u00d4nibus &#187; Saiu no Jornal\" \/>\n<meta property=\"og:description\" content=\"Descubra aqui como fazer um trajeto mais r\u00e1pido e eficiente utilizando o melhor aplicativo para ver hor\u00e1rios de \u00f4nibus.\" \/>\n<meta property=\"og:url\" content=\"https:\/\/saiunojornal.com.br\/es\/pre-aplicativo-horarios-de-onibus\/\" \/>\n<meta property=\"og:site_name\" content=\"Saiu no Jornal\" \/>\n<meta property=\"article:modified_time\" content=\"2024-09-03T12:06:02+00:00\" \/>\n<meta name=\"twitter:card\" content=\"summary_large_image\" \/>\n<meta name=\"twitter:label1\" content=\"Tiempo de lectura\" \/>\n\t<meta name=\"twitter:data1\" content=\"4 minutos\" \/>\n<script type=\"application\/ld+json\" class=\"yoast-schema-graph\">{\"@context\":\"https:\\\/\\\/schema.org\",\"@graph\":[{\"@type\":\"WebPage\",\"@id\":\"https:\\\/\\\/saiunojornal.com.br\\\/pre-aplicativo-horarios-de-onibus\\\/\",\"url\":\"https:\\\/\\\/saiunojornal.com.br\\\/pre-aplicativo-horarios-de-onibus\\\/\",\"name\":\"Descubra o Melhor Aplicativo para Ver Hor\u00e1rios de \u00d4nibus &#187; Saiu no Jornal\",\"isPartOf\":{\"@id\":\"https:\\\/\\\/saiunojornal.com.br\\\/#website\"},\"datePublished\":\"2024-09-03T12:03:28+00:00\",\"dateModified\":\"2024-09-03T12:06:02+00:00\",\"description\":\"Descubra aqui como fazer um trajeto mais r\u00e1pido e eficiente utilizando o melhor aplicativo para ver hor\u00e1rios de \u00f4nibus.\",\"breadcrumb\":{\"@id\":\"https:\\\/\\\/saiunojornal.com.br\\\/pre-aplicativo-horarios-de-onibus\\\/#breadcrumb\"},\"inLanguage\":\"es\",\"potentialAction\":[{\"@type\":\"ReadAction\",\"target\":[\"https:\\\/\\\/saiunojornal.com.br\\\/pre-aplicativo-horarios-de-onibus\\\/\"]}]},{\"@type\":\"BreadcrumbList\",\"@id\":\"https:\\\/\\\/saiunojornal.com.br\\\/pre-aplicativo-horarios-de-onibus\\\/#breadcrumb\",\"itemListElement\":[{\"@type\":\"ListItem\",\"position\":1,\"name\":\"In\u00edcio\",\"item\":\"https:\\\/\\\/saiunojornal.com.br\\\/\"},{\"@type\":\"ListItem\",\"position\":2,\"name\":\"Descubra o Melhor Aplicativo para Ver Hor\u00e1rios de \u00d4nibus\"}]},{\"@type\":\"WebSite\",\"@id\":\"https:\\\/\\\/saiunojornal.com.br\\\/#website\",\"url\":\"https:\\\/\\\/saiunojornal.com.br\\\/\",\"name\":\"Saiu no Jornal\",\"description\":\"\",\"potentialAction\":[{\"@type\":\"SearchAction\",\"target\":{\"@type\":\"EntryPoint\",\"urlTemplate\":\"https:\\\/\\\/saiunojornal.com.br\\\/?s={search_term_string}\"},\"query-input\":{\"@type\":\"PropertyValueSpecification\",\"valueRequired\":true,\"valueName\":\"search_term_string\"}}],\"inLanguage\":\"es\"}]}<\/script>\n<!-- \/ Yoast SEO plugin. -->","yoast_head_json":{"title":"Descubra o Melhor Aplicativo para Ver Hor\u00e1rios de \u00d4nibus &#187; Saiu no Jornal","description":"Descubra aqui como fazer um trajeto mais r\u00e1pido e eficiente utilizando o melhor aplicativo para ver hor\u00e1rios de \u00f4nibus.","robots":{"index":"index","follow":"follow","max-snippet":"max-snippet:-1","max-image-preview":"max-image-preview:large","max-video-preview":"max-video-preview:-1"},"canonical":"https:\/\/saiunojornal.com.br\/es\/pre-aplicativo-horarios-de-onibus\/","og_locale":"es_ES","og_type":"article","og_title":"Descubra o Melhor Aplicativo para Ver Hor\u00e1rios de \u00d4nibus &#187; Saiu no Jornal","og_description":"Descubra aqui como fazer um trajeto mais r\u00e1pido e eficiente utilizando o melhor aplicativo para ver hor\u00e1rios de \u00f4nibus.","og_url":"https:\/\/saiunojornal.com.br\/es\/pre-aplicativo-horarios-de-onibus\/","og_site_name":"Saiu no Jornal","article_modified_time":"2024-09-03T12:06:02+00:00","twitter_card":"summary_large_image","twitter_misc":{"Tiempo de lectura":"4 minutos"},"schema":{"@context":"https:\/\/schema.org","@graph":[{"@type":"WebPage","@id":"https:\/\/saiunojornal.com.br\/pre-aplicativo-horarios-de-onibus\/","url":"https:\/\/saiunojornal.com.br\/pre-aplicativo-horarios-de-onibus\/","name":"Descubra o Melhor Aplicativo para Ver Hor\u00e1rios de \u00d4nibus &#187; Saiu no Jornal","isPartOf":{"@id":"https:\/\/saiunojornal.com.br\/#website"},"datePublished":"2024-09-03T12:03:28+00:00","dateModified":"2024-09-03T12:06:02+00:00","description":"Descubra aqui como fazer um trajeto mais r\u00e1pido e eficiente utilizando o melhor aplicativo para ver hor\u00e1rios de \u00f4nibus.","breadcrumb":{"@id":"https:\/\/saiunojornal.com.br\/pre-aplicativo-horarios-de-onibus\/#breadcrumb"},"inLanguage":"es","potentialAction":[{"@type":"ReadAction","target":["https:\/\/saiunojornal.com.br\/pre-aplicativo-horarios-de-onibus\/"]}]},{"@type":"BreadcrumbList","@id":"https:\/\/saiunojornal.com.br\/pre-aplicativo-horarios-de-onibus\/#breadcrumb","itemListElement":[{"@type":"ListItem","position":1,"name":"In\u00edcio","item":"https:\/\/saiunojornal.com.br\/"},{"@type":"ListItem","position":2,"name":"Descubra o Melhor Aplicativo para Ver Hor\u00e1rios de \u00d4nibus"}]},{"@type":"WebSite","@id":"https:\/\/saiunojornal.com.br\/#website","url":"https:\/\/saiunojornal.com.br\/","name":"Apareci\u00f3 en el peri\u00f3dico","description":"","potentialAction":[{"@type":"SearchAction","target":{"@type":"EntryPoint","urlTemplate":"https:\/\/saiunojornal.com.br\/?s={search_term_string}"},"query-input":{"@type":"PropertyValueSpecification","valueRequired":true,"valueName":"search_term_string"}}],"inLanguage":"es"}]}},"jetpack_sharing_enabled":true,"_links":{"self":[{"href":"https:\/\/saiunojornal.com.br\/es\/wp-json\/wp\/v2\/pages\/2478","targetHints":{"allow":["GET"]}}],"collection":[{"href":"https:\/\/saiunojornal.com.br\/es\/wp-json\/wp\/v2\/pages"}],"about":[{"href":"https:\/\/saiunojornal.com.br\/es\/wp-json\/wp\/v2\/types\/page"}],"author":[{"embeddable":true,"href":"https:\/\/saiunojornal.com.br\/es\/wp-json\/wp\/v2\/users\/2"}],"replies":[{"embeddable":true,"href":"https:\/\/saiunojornal.com.br\/es\/wp-json\/wp\/v2\/comments?post=2478"}],"version-history":[{"count":3,"href":"https:\/\/saiunojornal.com.br\/es\/wp-json\/wp\/v2\/pages\/2478\/revisions"}],"predecessor-version":[{"id":2483,"href":"https:\/\/saiunojornal.com.br\/es\/wp-json\/wp\/v2\/pages\/2478\/revisions\/2483"}],"wp:attachment":[{"href":"https:\/\/saiunojornal.com.br\/es\/wp-json\/wp\/v2\/media?parent=2478"}],"curies":[{"name":"wp","href":"https:\/\/api.w.org\/{rel}","templated":true}]}}