{"id":2489,"date":"2024-09-04T01:44:22","date_gmt":"2024-09-04T04:44:22","guid":{"rendered":"https:\/\/saiunojornal.com.br\/?page_id=2489"},"modified":"2024-09-04T01:44:22","modified_gmt":"2024-09-04T04:44:22","slug":"pre-aplicativo-para-aprender-a-dirigir","status":"publish","type":"page","link":"https:\/\/saiunojornal.com.br\/es\/pre-aplicativo-para-aprender-a-dirigir\/","title":{"rendered":"Conhe\u00e7a o Melhor Aplicativo para Aprender a Dirigir pelo Celular"},"content":{"rendered":"<p>Est\u00e1 cada vez mais f\u00e1cil aprender o que quer que seja. Afinal, o conhecimento nunca foi t\u00e3o acess\u00edvel. Inclusive, caso voc\u00ea ainda n\u00e3o saiba, j\u00e1 \u00e9 poss\u00edvel melhorar seu h\u00e1bito de dire\u00e7\u00e3o com um <strong>aplicaci\u00f3n para aprender a conducir con el m\u00f3vil<\/strong>.<\/p> <p style=\"text-align: center;\"><em><strong>Baixe o aplicativo para aprender a dirigir!<\/strong><\/em><\/p> <p style=\"text-align: center;\"><a class=\"maxbutton-23 maxbutton maxbutton-app-de-aprender-a-dirigir\" title=\"DESCARGAR AHORA\" href=\"https:\/\/saiunojornal.com.br\/es\/aplicativo-para-aprender-a-dirigir\/\"><span class='mb-text'>APP DE APRENDER A DIRIGIR<\/span><\/a><\/p> <p>Embora dirigir seja sin\u00f4nimo de autonomia, no mundo agitado atual, nem todo mundo tem tempo para se dedicar a esse aprendizado. Assim, embora os m\u00e9todos tradicionais n\u00e3o possam ser substitu\u00eddos quando o assunto \u00e9 habilita\u00e7\u00e3o, voc\u00ea pode diminuir os esfor\u00e7os que seriam necess\u00e1rios, praticando de maneira mais l\u00fadica e virtual.<\/p> <p style=\"text-align: center;\"><em><strong>Baixe o aplicativo para aprender a dirigir!<\/strong><\/em><\/p> <p style=\"text-align: center;\"><a class=\"maxbutton-23 maxbutton maxbutton-app-de-aprender-a-dirigir\" title=\"DESCARGAR AHORA\" href=\"https:\/\/saiunojornal.com.br\/es\/aplicativo-para-aprender-a-dirigir\/\"><span class='mb-text'>APP DE APRENDER A DIRIGIR<\/span><\/a><\/p> <p>Se quiser saber como usar um aplicativo para aprender a dirigir pelo celular, \u00e9 s\u00f3 ficar por aqui. Reunimos aqui as melhores informa\u00e7\u00f5es e tudo o que voc\u00ea precisa saber sobre o assunto.<\/p> <h2><strong>O que \u00e9 e como funciona o aplicativo para aprender a dirigir pelo celular<\/strong><\/h2> <p>A verdade \u00e9 que existe v\u00e1rias op\u00e7\u00f5es que poder\u00e3o te ajudar a aprender a dirigir sem mesmo sair de casa. Assim, o que voc\u00ea precisa \u00e9 estar munido de informa\u00e7\u00f5es suficientes que o ajudem a escolher a melhor e mais efetiva solu\u00e7\u00e3o.<\/p> <p>Um bom <strong>aplicaci\u00f3n para aprender a conducir con el m\u00f3vil<\/strong> precisa contar com algumas fun\u00e7\u00f5es. A fim de te preparar da melhor maneira, ele precisa contar com testes te\u00f3ricos, regras e regulamentos de tr\u00e2nsito e li\u00e7\u00f5es pr\u00e1ticas simuladas.<\/p> <p>Obviamente, aprender a dirigir por meio de um aplicativo n\u00e3o substitui as aulas pr\u00e1ticas necess\u00e1rias. Contudo, \u00e9 uma boa iniciativa para conhecer e praticar habilidades necess\u00e1rias para quem pretende enfrentar o tr\u00e2nsito.<\/p> <p>Os aplicativos com essa inten\u00e7\u00e3o funcionam como uma esp\u00e9cie de jogo. De maneira geral, possuem uma interface simples e intuitiva, que fornecem provas te\u00f3ricas para treinamento, e simula\u00e7\u00f5es que permitem o treino de dire\u00e7\u00e3o.<\/p> <p>A fim de ter uma melhor experi\u00eancia, o ideal \u00e9 escolher um aplicativo que ofere\u00e7a o m\u00e1ximo de realidade poss\u00edvel. Assim, voc\u00ea realmente poder\u00e1 se habituar com manobras e regras de dire\u00e7\u00e3o que poder\u00e1 aplicar quando estiver efetivamente no tr\u00e2nsito.<\/p> <p style=\"text-align: center;\"><em><strong>Baixe o aplicativo para aprender a dirigir!<\/strong><\/em><\/p> <p style=\"text-align: center;\"><a class=\"maxbutton-23 maxbutton maxbutton-app-de-aprender-a-dirigir\" title=\"DESCARGAR AHORA\" href=\"https:\/\/saiunojornal.com.br\/es\/aplicativo-para-aprender-a-dirigir\/\"><span class='mb-text'>APP DE APRENDER A DIRIGIR<\/span><\/a><\/p> <h2><strong>Vantagens de utilizar aplicativos de simula\u00e7\u00e3o para dirigir<\/strong><\/h2> <p>Nunca \u00e9 demais repetir que um <strong>aplicaci\u00f3n para aprender a conducir con el m\u00f3vil<\/strong> n\u00e3o substitui a obrigatoriedade dos tr\u00e2mites tradicionais de habilita\u00e7\u00e3o. Ent\u00e3o, n\u00e3o v\u00e1 saindo por a\u00ed, na dire\u00e7\u00e3o de um ve\u00edculo de verdade, apenas porque se saiu bem na simula\u00e7\u00e3o.<\/p> <p>Apesar disso, aprender no\u00e7\u00f5es de dire\u00e7\u00f5es dessa forma, traz algumas vantagens. Ent\u00e3o, vale a pena identific\u00e1-las antes de escolher o melhor aplicativo.<\/p> <h3><strong>Treinamento te\u00f3rico<\/strong><\/h3> <p>A primeira vantagem da utiliza\u00e7\u00e3o desses aplicativos \u00e9 a possibilidade de treinar seus conhecimentos te\u00f3ricos. Isso porque, passar na prova te\u00f3rica \u00e9 a primeira fase para se habilitar.<\/p> <p>Nem sempre as autoescolas t\u00eam tanto interesse em aprovar seus alunos na primeira tentativa. Ent\u00e3o, \u00e9 sempre bom implementar o conhecimento que est\u00e1 recebendo, com outras possibilidades.<\/p> <h3><strong>Ambienta\u00e7\u00e3o com a din\u00e2mica do tr\u00e2nsito<\/strong><\/h3> <p>Outro benef\u00edcio de utilizar um <strong>aplicaci\u00f3n para aprender a conducir con el m\u00f3vil<\/strong> \u00e9 ambienta\u00e7\u00e3o com aspectos comuns no tr\u00e2nsito. Com aplica\u00e7\u00f5es que simulam situa\u00e7\u00f5es reais, voc\u00ea pode ter ideia do que fazer e como se comportar quando estiver dirigindo de verdade.<\/p> <p>Atrav\u00e9s do aplicativo voc\u00ea pode aprender no\u00e7\u00f5es de estacionamento, entrada e sa\u00edda de locais e posicionamento das vias. Al\u00e9m de poder praticar seu conhecimento na leitura de placas de tr\u00e2nsito e afins.<\/p> <h3><strong>Aumento da confian\u00e7a<\/strong><\/h3> <p>Enquanto treina suas habilidades de dire\u00e7\u00e3o sem sair de casa, voc\u00ea est\u00e1 totalmente seguro. Enquanto utiliza um <strong>aplicaci\u00f3n para aprender a conducir con el m\u00f3vil<\/strong> \u00e9 o momento em que voc\u00ea pode cometer erros sem colocar em risco a pr\u00f3pria seguran\u00e7a e a de outras pessoas.<\/p> <p>Dessa forma, treinar em um aplicativo pode ajudar a adquirir autoconfian\u00e7a. Quando estiver pronto para enfrentar o tr\u00e2nsito nas ruas, estar\u00e1 mais seguro do que se deve fazer em diferentes situa\u00e7\u00f5es.<\/p> <p style=\"text-align: center;\"><em><strong>Baixe o aplicativo para aprender a dirigir!<\/strong><\/em><\/p> <p style=\"text-align: center;\"><a class=\"maxbutton-23 maxbutton maxbutton-app-de-aprender-a-dirigir\" title=\"DESCARGAR AHORA\" href=\"https:\/\/saiunojornal.com.br\/es\/aplicativo-para-aprender-a-dirigir\/\"><span class='mb-text'>APP DE APRENDER A DIRIGIR<\/span><\/a><\/p>","protected":false},"excerpt":{"rendered":"<p>Est\u00e1 cada vez mais f\u00e1cil aprender o que quer que seja. Afinal, o conhecimento nunca foi t\u00e3o acess\u00edvel. Inclusive, caso voc\u00ea ainda n\u00e3o saiba, j\u00e1 \u00e9 poss\u00edvel melhorar seu h\u00e1bito de dire\u00e7\u00e3o com um aplicativo para aprender a dirigir pelo celular. Baixe o aplicativo para aprender a dirigir! Embora dirigir seja sin\u00f4nimo de autonomia, no &#8230; <a title=\"Conhe\u00e7a o Melhor Aplicativo para Aprender a Dirigir pelo Celular\" class=\"read-more\" href=\"https:\/\/saiunojornal.com.br\/es\/pre-aplicativo-para-aprender-a-dirigir\/\" aria-label=\"Leer m\u00e1s sobre Conhe\u00e7a o Melhor Aplicativo para Aprender a Dirigir pelo Celular\">Seguir leyendo<\/a><\/p>","protected":false},"author":2,"featured_media":0,"parent":0,"menu_order":0,"comment_status":"closed","ping_status":"closed","template":"","meta":{"footnotes":""},"class_list":["post-2489","page","type-page","status-publish"],"yoast_head":"<!-- This site is optimized with the Yoast SEO plugin v27.3 - https:\/\/yoast.com\/product\/yoast-seo-wordpress\/ -->\n<title>Conhe\u00e7a o Melhor Aplicativo para Aprender a Dirigir pelo Celular &#187; Saiu no Jornal<\/title>\n<meta name=\"description\" content=\"Veja como voc\u00ea pode utilizar um aplicativo para a aprender a dirigir pelo celuar e treinar suas habilidades de motorista.\" \/>\n<meta name=\"robots\" content=\"index, follow, max-snippet:-1, max-image-preview:large, max-video-preview:-1\" \/>\n<link rel=\"canonical\" href=\"https:\/\/saiunojornal.com.br\/es\/pre-aplicativo-para-aprender-a-dirigir\/\" \/>\n<meta property=\"og:locale\" content=\"es_ES\" \/>\n<meta property=\"og:type\" content=\"article\" \/>\n<meta property=\"og:title\" content=\"Conhe\u00e7a o Melhor Aplicativo para Aprender a Dirigir pelo Celular &#187; Saiu no Jornal\" \/>\n<meta property=\"og:description\" content=\"Veja como voc\u00ea pode utilizar um aplicativo para a aprender a dirigir pelo celuar e treinar suas habilidades de motorista.\" \/>\n<meta property=\"og:url\" content=\"https:\/\/saiunojornal.com.br\/es\/pre-aplicativo-para-aprender-a-dirigir\/\" \/>\n<meta property=\"og:site_name\" content=\"Saiu no Jornal\" \/>\n<meta name=\"twitter:card\" content=\"summary_large_image\" \/>\n<meta name=\"twitter:label1\" content=\"Tiempo de lectura\" \/>\n\t<meta name=\"twitter:data1\" content=\"4 minutos\" \/>\n<script type=\"application\/ld+json\" class=\"yoast-schema-graph\">{\"@context\":\"https:\\\/\\\/schema.org\",\"@graph\":[{\"@type\":\"WebPage\",\"@id\":\"https:\\\/\\\/saiunojornal.com.br\\\/pre-aplicativo-para-aprender-a-dirigir\\\/\",\"url\":\"https:\\\/\\\/saiunojornal.com.br\\\/pre-aplicativo-para-aprender-a-dirigir\\\/\",\"name\":\"Conhe\u00e7a o Melhor Aplicativo para Aprender a Dirigir pelo Celular &#187; Saiu no Jornal\",\"isPartOf\":{\"@id\":\"https:\\\/\\\/saiunojornal.com.br\\\/#website\"},\"datePublished\":\"2024-09-04T04:44:22+00:00\",\"description\":\"Veja como voc\u00ea pode utilizar um aplicativo para a aprender a dirigir pelo celuar e treinar suas habilidades de motorista.\",\"breadcrumb\":{\"@id\":\"https:\\\/\\\/saiunojornal.com.br\\\/pre-aplicativo-para-aprender-a-dirigir\\\/#breadcrumb\"},\"inLanguage\":\"es\",\"potentialAction\":[{\"@type\":\"ReadAction\",\"target\":[\"https:\\\/\\\/saiunojornal.com.br\\\/pre-aplicativo-para-aprender-a-dirigir\\\/\"]}]},{\"@type\":\"BreadcrumbList\",\"@id\":\"https:\\\/\\\/saiunojornal.com.br\\\/pre-aplicativo-para-aprender-a-dirigir\\\/#breadcrumb\",\"itemListElement\":[{\"@type\":\"ListItem\",\"position\":1,\"name\":\"In\u00edcio\",\"item\":\"https:\\\/\\\/saiunojornal.com.br\\\/\"},{\"@type\":\"ListItem\",\"position\":2,\"name\":\"Conhe\u00e7a o Melhor Aplicativo para Aprender a Dirigir pelo Celular\"}]},{\"@type\":\"WebSite\",\"@id\":\"https:\\\/\\\/saiunojornal.com.br\\\/#website\",\"url\":\"https:\\\/\\\/saiunojornal.com.br\\\/\",\"name\":\"Saiu no Jornal\",\"description\":\"\",\"potentialAction\":[{\"@type\":\"SearchAction\",\"target\":{\"@type\":\"EntryPoint\",\"urlTemplate\":\"https:\\\/\\\/saiunojornal.com.br\\\/?s={search_term_string}\"},\"query-input\":{\"@type\":\"PropertyValueSpecification\",\"valueRequired\":true,\"valueName\":\"search_term_string\"}}],\"inLanguage\":\"es\"}]}<\/script>\n<!-- \/ Yoast SEO plugin. -->","yoast_head_json":{"title":"Conhe\u00e7a o Melhor Aplicativo para Aprender a Dirigir pelo Celular &#187; Saiu no Jornal","description":"Veja como voc\u00ea pode utilizar um aplicativo para a aprender a dirigir pelo celuar e treinar suas habilidades de motorista.","robots":{"index":"index","follow":"follow","max-snippet":"max-snippet:-1","max-image-preview":"max-image-preview:large","max-video-preview":"max-video-preview:-1"},"canonical":"https:\/\/saiunojornal.com.br\/es\/pre-aplicativo-para-aprender-a-dirigir\/","og_locale":"es_ES","og_type":"article","og_title":"Conhe\u00e7a o Melhor Aplicativo para Aprender a Dirigir pelo Celular &#187; Saiu no Jornal","og_description":"Veja como voc\u00ea pode utilizar um aplicativo para a aprender a dirigir pelo celuar e treinar suas habilidades de motorista.","og_url":"https:\/\/saiunojornal.com.br\/es\/pre-aplicativo-para-aprender-a-dirigir\/","og_site_name":"Saiu no Jornal","twitter_card":"summary_large_image","twitter_misc":{"Tiempo de lectura":"4 minutos"},"schema":{"@context":"https:\/\/schema.org","@graph":[{"@type":"WebPage","@id":"https:\/\/saiunojornal.com.br\/pre-aplicativo-para-aprender-a-dirigir\/","url":"https:\/\/saiunojornal.com.br\/pre-aplicativo-para-aprender-a-dirigir\/","name":"Conhe\u00e7a o Melhor Aplicativo para Aprender a Dirigir pelo Celular &#187; Saiu no Jornal","isPartOf":{"@id":"https:\/\/saiunojornal.com.br\/#website"},"datePublished":"2024-09-04T04:44:22+00:00","description":"Veja como voc\u00ea pode utilizar um aplicativo para a aprender a dirigir pelo celuar e treinar suas habilidades de motorista.","breadcrumb":{"@id":"https:\/\/saiunojornal.com.br\/pre-aplicativo-para-aprender-a-dirigir\/#breadcrumb"},"inLanguage":"es","potentialAction":[{"@type":"ReadAction","target":["https:\/\/saiunojornal.com.br\/pre-aplicativo-para-aprender-a-dirigir\/"]}]},{"@type":"BreadcrumbList","@id":"https:\/\/saiunojornal.com.br\/pre-aplicativo-para-aprender-a-dirigir\/#breadcrumb","itemListElement":[{"@type":"ListItem","position":1,"name":"In\u00edcio","item":"https:\/\/saiunojornal.com.br\/"},{"@type":"ListItem","position":2,"name":"Conhe\u00e7a o Melhor Aplicativo para Aprender a Dirigir pelo Celular"}]},{"@type":"WebSite","@id":"https:\/\/saiunojornal.com.br\/#website","url":"https:\/\/saiunojornal.com.br\/","name":"Apareci\u00f3 en el peri\u00f3dico","description":"","potentialAction":[{"@type":"SearchAction","target":{"@type":"EntryPoint","urlTemplate":"https:\/\/saiunojornal.com.br\/?s={search_term_string}"},"query-input":{"@type":"PropertyValueSpecification","valueRequired":true,"valueName":"search_term_string"}}],"inLanguage":"es"}]}},"jetpack_sharing_enabled":true,"_links":{"self":[{"href":"https:\/\/saiunojornal.com.br\/es\/wp-json\/wp\/v2\/pages\/2489","targetHints":{"allow":["GET"]}}],"collection":[{"href":"https:\/\/saiunojornal.com.br\/es\/wp-json\/wp\/v2\/pages"}],"about":[{"href":"https:\/\/saiunojornal.com.br\/es\/wp-json\/wp\/v2\/types\/page"}],"author":[{"embeddable":true,"href":"https:\/\/saiunojornal.com.br\/es\/wp-json\/wp\/v2\/users\/2"}],"replies":[{"embeddable":true,"href":"https:\/\/saiunojornal.com.br\/es\/wp-json\/wp\/v2\/comments?post=2489"}],"version-history":[{"count":1,"href":"https:\/\/saiunojornal.com.br\/es\/wp-json\/wp\/v2\/pages\/2489\/revisions"}],"predecessor-version":[{"id":2491,"href":"https:\/\/saiunojornal.com.br\/es\/wp-json\/wp\/v2\/pages\/2489\/revisions\/2491"}],"wp:attachment":[{"href":"https:\/\/saiunojornal.com.br\/es\/wp-json\/wp\/v2\/media?parent=2489"}],"curies":[{"name":"wp","href":"https:\/\/api.w.org\/{rel}","templated":true}]}}