{"id":2495,"date":"2024-09-04T09:12:29","date_gmt":"2024-09-04T12:12:29","guid":{"rendered":"https:\/\/saiunojornal.com.br\/?page_id=2495"},"modified":"2024-09-04T09:12:29","modified_gmt":"2024-09-04T12:12:29","slug":"pre-aplicativo-para-aprender-ingles","status":"publish","type":"page","link":"https:\/\/saiunojornal.com.br\/es\/pre-aplicativo-para-aprender-ingles\/","title":{"rendered":"Descubra Qual \u00e9 o Aplicativo para Aprender Ingl\u00eas Gr\u00e1tis"},"content":{"rendered":"<p>Aprender um novo idioma com certeza faz toda a diferen\u00e7a na vida e no curr\u00edculo. Se esse idioma for o ingl\u00eas, ent\u00e3o, \u00e9 uma <em>plus<\/em> que abre muitas portas e oportunidades. Mas, acredite, \u00e9 poss\u00edvel utilizar um<strong> aplicativo para aprender ingl\u00eas gr\u00e1tis<\/strong>.<\/p> <p style=\"text-align: center;\"><em><strong>Veja como escolher e baixar o melhor aplicativo de ingl\u00eas!<\/strong><\/em><\/p> <p style=\"text-align: center;\"><a class=\"maxbutton-24 maxbutton maxbutton-baixar-app-de-ingles\" title=\"BAIXAR APP DE INGL\u00caS\" href=\"https:\/\/saiunojornal.com.br\/es\/aplicativo-para-aprender-ingles\/\"><span class='mb-text'>BAIXAR APP DE INGL\u00caS<\/span><\/a><\/p> <p>Apesar de ser um projeto e sonho bastante presente na vida, nem todo mundo consegue encaixar um bom curso na rotina e na organiza\u00e7\u00e3o financeira. Por essa raz\u00e3o, aproveitar as oportunidades gratuitas \u00e9 uma excelente ideia.<\/p> <p style=\"text-align: center;\"><em><strong>Veja como escolher e baixar o melhor aplicativo de ingl\u00eas!<\/strong><\/em><\/p> <p style=\"text-align: center;\"><a class=\"maxbutton-24 maxbutton maxbutton-baixar-app-de-ingles\" title=\"BAIXAR APP DE INGL\u00caS\" href=\"https:\/\/saiunojornal.com.br\/es\/aplicativo-para-aprender-ingles\/\"><span class='mb-text'>BAIXAR APP DE INGL\u00caS<\/span><\/a><\/p> <p>Dito isso, \u00e9 poss\u00edvel, sim, aprender ingl\u00eas de forma l\u00fadica, simples e gratuita. Para isso, \u00e9 s\u00f3 escolher bem as ferramentas. E \u00e9 a\u00ed que um bom aplicativo faz toda a diferen\u00e7a. Saiba mais sobre isso!<\/p> <h2><strong>Por que aprender ingl\u00eas?<\/strong><\/h2> <p>Caso voc\u00ea ainda tenha d\u00favidas sobre aprender, ou n\u00e3o, uma nova l\u00edngua com ingl\u00eas, \u00e9 importante considerar os benef\u00edcios. Para isso, preparamos algumas vantagens que levar\u00e3o voc\u00ea direto daqui a um bom <strong>aplicativo para aprender ingl\u00eas gr\u00e1tis<\/strong>.<\/p> <h3><strong>Para ter melhores oportunidades de trabalho<\/strong><\/h3> <p>Uma boa raz\u00e3o para aprender ingl\u00eas \u00e9 o leque de oportunidades que se abre para quem fala a l\u00edngua. Ter um bom n\u00edvel de ingl\u00eas eleva em muito o n\u00edvel do seu curr\u00edculo e te faz um candidato ainda mais competitivo.<\/p> <p>Esse \u00e9 um item que faz toda a diferen\u00e7a quando voc\u00ea pleiteia uma boa vaga, e sobre isso n\u00e3o h\u00e1 d\u00favidas. Inclusive, falar o idioma \u00e9 um diferencial que pode te colocar em boas vagas, tanto em empresas internacionais como em nacionais que operam no exterior.<\/p> <h3><strong>Para aumentar o seu leque de conhecimentos<\/strong><\/h3> <p>Falar ingl\u00eas tamb\u00e9m aumenta o seu leque de conhecimentos. Isso porque, o ingl\u00eas \u00e9 o idioma universal, logo, h\u00e1 muito o que se explorar em registros de informa\u00e7\u00f5es, em todas as \u00e1reas poss\u00edveis e no mundo inteiro.<\/p> <p>A prop\u00f3sito, essa \u00e9 uma constata\u00e7\u00e3o que vai muito al\u00e9m do conhecimento cient\u00edfico. Al\u00e9m de conhecimento acad\u00eamico, um idioma como o ingl\u00eas te faz imergir em culturas e realidades diferentes, que alimenta o seu conhecimento global.<\/p> <h3><strong>Para aproveitar melhor as diferentes experi\u00eancias<\/strong><\/h3> <p>E, se voc\u00ea viaja, ou pretende viajar no futuro, o ingl\u00eas tamb\u00e9m pode te ajudar bastante. Embora viagens internacionais sejam divertidas e interessantes, elas tamb\u00e9m podem ser um grande acr\u00e9scimo cultural, experiencial e de conhecimento global.<\/p> <p>Obviamente, ainda que n\u00e3o fale ingl\u00eas, h\u00e1 uma comunica\u00e7\u00e3o universal natural em cada um que te far\u00e1 entender e ser entendido. Por\u00e9m, voc\u00ea ter\u00e1 um aproveitamento pleno se puder realmente viver e imergir em cada cultura e situa\u00e7\u00e3o, ao inv\u00e9s de apenas sobreviver ao diferente.<\/p> <p style=\"text-align: center;\"><em><strong>Veja como escolher e baixar o melhor aplicativo de ingl\u00eas!<\/strong><\/em><\/p> <p style=\"text-align: center;\"><a class=\"maxbutton-24 maxbutton maxbutton-baixar-app-de-ingles\" title=\"BAIXAR APP DE INGL\u00caS\" href=\"https:\/\/saiunojornal.com.br\/es\/aplicativo-para-aprender-ingles\/\"><span class='mb-text'>BAIXAR APP DE INGL\u00caS<\/span><\/a><\/p> <h2><strong>O que \u00e9 e como funciona um aplicativo de aprender ingl\u00eas gr\u00e1tis<\/strong><\/h2> <p>Depois de perceber como um idioma como o ingl\u00eas pode mudar a sua vida, saiba que h\u00e1 jeitos interessantes, pr\u00e1ticos e eficientes de aprender a l\u00edngua. Caso voc\u00ea, por alguma raz\u00e3o, n\u00e3o possa se dedicar a um curso tradicional, utilizar um <strong>aplicativo de aprender ingl\u00eas gr\u00e1tis<\/strong> pode ser exatamente o que voc\u00ea precisa.<\/p> <p>Um aplicativo de idiomas funciona como um curso m\u00f3vel e flex\u00edvel. Afinal, tudo o que voc\u00ea precisa estar\u00e1 reunido no seu celular, tablet ou computador. A ideia do aplicativo \u00e9 tornar o aprendizado acess\u00edvel, tanto no quesito tempo quanto investimento.<\/p> <p>Al\u00e9m de bastante pr\u00e1tico, um bom aplicativo costuma ser l\u00fadico e divertido. Isso faz com que o processo seja mais leve e f\u00e1cil, j\u00e1 que voc\u00ea se sentir\u00e1 divertindo enquanto aprende. Tudo isso sem mencionar o quanto a flexibilidade pode te beneficiar. Afinal, em dias agitados e corridos como os atuais, nada melhor do que poder acessar, estudar e treinar o idioma em qualquer hor\u00e1rio e lugar que esteja.<\/p> <p>Com certeza h\u00e1 op\u00e7\u00f5es boas, e n\u00e3o t\u00e3o boas assim, dispon\u00edveis no mercado. Ent\u00e3o, vale a pena fazer uma boa escolha de <strong>aplicativo para aprender ingl\u00eas gr\u00e1tis<\/strong>, que te dar\u00e1 retornos reais e efetivos. Mas, n\u00e3o se preocupe com isso, pois, separamos as melhores op\u00e7\u00f5es para que voc\u00ea n\u00e3o tenha trabalho na hora da escolha e se dedique apenas a aprender o idioma que vai mudar sua vida e carreira!<\/p> <p style=\"text-align: center;\"><em><strong>Veja como escolher e baixar o melhor aplicativo de ingl\u00eas!<\/strong><\/em><\/p> <p style=\"text-align: center;\"><a class=\"maxbutton-24 maxbutton maxbutton-baixar-app-de-ingles\" title=\"BAIXAR APP DE INGL\u00caS\" href=\"https:\/\/saiunojornal.com.br\/es\/aplicativo-para-aprender-ingles\/\"><span class='mb-text'>BAIXAR APP DE INGL\u00caS<\/span><\/a><\/p>","protected":false},"excerpt":{"rendered":"<p>Aprender um novo idioma com certeza faz toda a diferen\u00e7a na vida e no curr\u00edculo. Se esse idioma for o ingl\u00eas, ent\u00e3o, \u00e9 uma plus que abre muitas portas e oportunidades. Mas, acredite, \u00e9 poss\u00edvel utilizar um aplicativo para aprender ingl\u00eas gr\u00e1tis. Veja como escolher e baixar o melhor aplicativo de ingl\u00eas! Apesar de ser &#8230; <a title=\"Descubra Qual \u00e9 o Aplicativo para Aprender Ingl\u00eas Gr\u00e1tis\" class=\"read-more\" href=\"https:\/\/saiunojornal.com.br\/es\/pre-aplicativo-para-aprender-ingles\/\" aria-label=\"Leer m\u00e1s sobre Descubra Qual \u00e9 o Aplicativo para Aprender Ingl\u00eas Gr\u00e1tis\">Seguir leyendo<\/a><\/p>","protected":false},"author":2,"featured_media":0,"parent":0,"menu_order":0,"comment_status":"closed","ping_status":"closed","template":"","meta":{"footnotes":""},"class_list":["post-2495","page","type-page","status-publish"],"yoast_head":"<!-- This site is optimized with the Yoast SEO plugin v27.3 - https:\/\/yoast.com\/product\/yoast-seo-wordpress\/ -->\n<title>Descubra Qual \u00e9 o Aplicativo para Aprender Ingl\u00eas Gr\u00e1tis &#187; Saiu no Jornal<\/title>\n<meta name=\"description\" content=\"Veja qual \u00e9 o melhor aplicativo para aprender ingl\u00eas gr\u00e1tis, melhorar o seu curr\u00edculo e aproveitar as melhores oportunidades.\" \/>\n<meta name=\"robots\" content=\"index, follow, max-snippet:-1, max-image-preview:large, max-video-preview:-1\" \/>\n<link rel=\"canonical\" href=\"https:\/\/saiunojornal.com.br\/es\/pre-aplicativo-para-aprender-ingles\/\" \/>\n<meta property=\"og:locale\" content=\"es_ES\" \/>\n<meta property=\"og:type\" content=\"article\" \/>\n<meta property=\"og:title\" content=\"Descubra Qual \u00e9 o Aplicativo para Aprender Ingl\u00eas Gr\u00e1tis &#187; Saiu no Jornal\" \/>\n<meta property=\"og:description\" content=\"Veja qual \u00e9 o melhor aplicativo para aprender ingl\u00eas gr\u00e1tis, melhorar o seu curr\u00edculo e aproveitar as melhores oportunidades.\" \/>\n<meta property=\"og:url\" content=\"https:\/\/saiunojornal.com.br\/es\/pre-aplicativo-para-aprender-ingles\/\" \/>\n<meta property=\"og:site_name\" content=\"Saiu no Jornal\" \/>\n<meta name=\"twitter:card\" content=\"summary_large_image\" \/>\n<meta name=\"twitter:label1\" content=\"Tiempo de lectura\" \/>\n\t<meta name=\"twitter:data1\" content=\"4 minutos\" \/>\n<script type=\"application\/ld+json\" class=\"yoast-schema-graph\">{\"@context\":\"https:\\\/\\\/schema.org\",\"@graph\":[{\"@type\":\"WebPage\",\"@id\":\"https:\\\/\\\/saiunojornal.com.br\\\/pre-aplicativo-para-aprender-ingles\\\/\",\"url\":\"https:\\\/\\\/saiunojornal.com.br\\\/pre-aplicativo-para-aprender-ingles\\\/\",\"name\":\"Descubra Qual \u00e9 o Aplicativo para Aprender Ingl\u00eas Gr\u00e1tis &#187; Saiu no Jornal\",\"isPartOf\":{\"@id\":\"https:\\\/\\\/saiunojornal.com.br\\\/#website\"},\"datePublished\":\"2024-09-04T12:12:29+00:00\",\"description\":\"Veja qual \u00e9 o melhor aplicativo para aprender ingl\u00eas gr\u00e1tis, melhorar o seu curr\u00edculo e aproveitar as melhores oportunidades.\",\"breadcrumb\":{\"@id\":\"https:\\\/\\\/saiunojornal.com.br\\\/pre-aplicativo-para-aprender-ingles\\\/#breadcrumb\"},\"inLanguage\":\"es\",\"potentialAction\":[{\"@type\":\"ReadAction\",\"target\":[\"https:\\\/\\\/saiunojornal.com.br\\\/pre-aplicativo-para-aprender-ingles\\\/\"]}]},{\"@type\":\"BreadcrumbList\",\"@id\":\"https:\\\/\\\/saiunojornal.com.br\\\/pre-aplicativo-para-aprender-ingles\\\/#breadcrumb\",\"itemListElement\":[{\"@type\":\"ListItem\",\"position\":1,\"name\":\"In\u00edcio\",\"item\":\"https:\\\/\\\/saiunojornal.com.br\\\/\"},{\"@type\":\"ListItem\",\"position\":2,\"name\":\"Descubra Qual \u00e9 o Aplicativo para Aprender Ingl\u00eas Gr\u00e1tis\"}]},{\"@type\":\"WebSite\",\"@id\":\"https:\\\/\\\/saiunojornal.com.br\\\/#website\",\"url\":\"https:\\\/\\\/saiunojornal.com.br\\\/\",\"name\":\"Saiu no Jornal\",\"description\":\"\",\"potentialAction\":[{\"@type\":\"SearchAction\",\"target\":{\"@type\":\"EntryPoint\",\"urlTemplate\":\"https:\\\/\\\/saiunojornal.com.br\\\/?s={search_term_string}\"},\"query-input\":{\"@type\":\"PropertyValueSpecification\",\"valueRequired\":true,\"valueName\":\"search_term_string\"}}],\"inLanguage\":\"es\"}]}<\/script>\n<!-- \/ Yoast SEO plugin. -->","yoast_head_json":{"title":"Descubra Qual \u00e9 o Aplicativo para Aprender Ingl\u00eas Gr\u00e1tis &#187; Saiu no Jornal","description":"Veja qual \u00e9 o melhor aplicativo para aprender ingl\u00eas gr\u00e1tis, melhorar o seu curr\u00edculo e aproveitar as melhores oportunidades.","robots":{"index":"index","follow":"follow","max-snippet":"max-snippet:-1","max-image-preview":"max-image-preview:large","max-video-preview":"max-video-preview:-1"},"canonical":"https:\/\/saiunojornal.com.br\/es\/pre-aplicativo-para-aprender-ingles\/","og_locale":"es_ES","og_type":"article","og_title":"Descubra Qual \u00e9 o Aplicativo para Aprender Ingl\u00eas Gr\u00e1tis &#187; Saiu no Jornal","og_description":"Veja qual \u00e9 o melhor aplicativo para aprender ingl\u00eas gr\u00e1tis, melhorar o seu curr\u00edculo e aproveitar as melhores oportunidades.","og_url":"https:\/\/saiunojornal.com.br\/es\/pre-aplicativo-para-aprender-ingles\/","og_site_name":"Saiu no Jornal","twitter_card":"summary_large_image","twitter_misc":{"Tiempo de lectura":"4 minutos"},"schema":{"@context":"https:\/\/schema.org","@graph":[{"@type":"WebPage","@id":"https:\/\/saiunojornal.com.br\/pre-aplicativo-para-aprender-ingles\/","url":"https:\/\/saiunojornal.com.br\/pre-aplicativo-para-aprender-ingles\/","name":"Descubra Qual \u00e9 o Aplicativo para Aprender Ingl\u00eas Gr\u00e1tis &#187; Saiu no Jornal","isPartOf":{"@id":"https:\/\/saiunojornal.com.br\/#website"},"datePublished":"2024-09-04T12:12:29+00:00","description":"Veja qual \u00e9 o melhor aplicativo para aprender ingl\u00eas gr\u00e1tis, melhorar o seu curr\u00edculo e aproveitar as melhores oportunidades.","breadcrumb":{"@id":"https:\/\/saiunojornal.com.br\/pre-aplicativo-para-aprender-ingles\/#breadcrumb"},"inLanguage":"es","potentialAction":[{"@type":"ReadAction","target":["https:\/\/saiunojornal.com.br\/pre-aplicativo-para-aprender-ingles\/"]}]},{"@type":"BreadcrumbList","@id":"https:\/\/saiunojornal.com.br\/pre-aplicativo-para-aprender-ingles\/#breadcrumb","itemListElement":[{"@type":"ListItem","position":1,"name":"In\u00edcio","item":"https:\/\/saiunojornal.com.br\/"},{"@type":"ListItem","position":2,"name":"Descubra Qual \u00e9 o Aplicativo para Aprender Ingl\u00eas Gr\u00e1tis"}]},{"@type":"WebSite","@id":"https:\/\/saiunojornal.com.br\/#website","url":"https:\/\/saiunojornal.com.br\/","name":"Apareci\u00f3 en el peri\u00f3dico","description":"","potentialAction":[{"@type":"SearchAction","target":{"@type":"EntryPoint","urlTemplate":"https:\/\/saiunojornal.com.br\/?s={search_term_string}"},"query-input":{"@type":"PropertyValueSpecification","valueRequired":true,"valueName":"search_term_string"}}],"inLanguage":"es"}]}},"jetpack_sharing_enabled":true,"_links":{"self":[{"href":"https:\/\/saiunojornal.com.br\/es\/wp-json\/wp\/v2\/pages\/2495","targetHints":{"allow":["GET"]}}],"collection":[{"href":"https:\/\/saiunojornal.com.br\/es\/wp-json\/wp\/v2\/pages"}],"about":[{"href":"https:\/\/saiunojornal.com.br\/es\/wp-json\/wp\/v2\/types\/page"}],"author":[{"embeddable":true,"href":"https:\/\/saiunojornal.com.br\/es\/wp-json\/wp\/v2\/users\/2"}],"replies":[{"embeddable":true,"href":"https:\/\/saiunojornal.com.br\/es\/wp-json\/wp\/v2\/comments?post=2495"}],"version-history":[{"count":1,"href":"https:\/\/saiunojornal.com.br\/es\/wp-json\/wp\/v2\/pages\/2495\/revisions"}],"predecessor-version":[{"id":2498,"href":"https:\/\/saiunojornal.com.br\/es\/wp-json\/wp\/v2\/pages\/2495\/revisions\/2498"}],"wp:attachment":[{"href":"https:\/\/saiunojornal.com.br\/es\/wp-json\/wp\/v2\/media?parent=2495"}],"curies":[{"name":"wp","href":"https:\/\/api.w.org\/{rel}","templated":true}]}}