{"id":2555,"date":"2024-09-24T23:29:30","date_gmt":"2024-09-25T02:29:30","guid":{"rendered":"https:\/\/saiunojornal.com.br\/?page_id=2555"},"modified":"2024-09-24T23:29:30","modified_gmt":"2024-09-25T02:29:30","slug":"pre-aplicativo-que-paga-para-responder-pesquisas-online","status":"publish","type":"page","link":"https:\/\/saiunojornal.com.br\/es\/pre-aplicativo-que-paga-para-responder-pesquisas-online\/","title":{"rendered":"Aplicativo que Paga para Responder Pesquisas Online"},"content":{"rendered":"<p>Na era da internet, o sonho de boa parte da popula\u00e7\u00e3o \u00e9 conseguir trabalhar online. H\u00e1 v\u00e1rias formas de fazer isso de maneira integral. Mas, para quem n\u00e3o pode, ou n\u00e3o quer, deixar a estabilidade para tr\u00e1s, esse tamb\u00e9m pode ser o caminho para angariar uma renda extra. \u00c9 para isso que muita gente recorre, por exemplo, a op\u00e7\u00f5es como um <strong>app que te paga por hacer encuestas online<\/strong>.<\/p> <p style=\"text-align: center;\"><strong>Escolha o melhor aplicativo que paga para responder pesquisas!<\/strong><\/p> <p style=\"text-align: center;\"><a class=\"maxbutton-31 maxbutton maxbutton-ver-como-baixar-app\" title=\"VER COMO BAIXAR APP\" href=\"https:\/\/saiunojornal.com.br\/es\/aplicativo-que-paga-para-responder-pesquisas-online\/\"><span class='mb-text'>VER COMO BAIXAR APP<\/span><\/a><\/p> <p>Essa \u00e9 uma ferramenta que facilita muito a vida das grandes marcas e dos empreendimentos. Afinal, est\u00e1 muito mais f\u00e1cil e \u00e1gil coletar informa\u00e7\u00f5es e opini\u00f5es de usu\u00e1rios de produtos e servi\u00e7os. Ent\u00e3o, a fim de obter mais engajamento do p\u00fablico-alvo, algumas empresas pagam pela aten\u00e7\u00e3o dos usu\u00e1rios. E \u00e9 nessa oportunidade que muitos se embrenham, a fim de complementar a renda familiar.<\/p> <p style=\"text-align: center;\"><strong>Escolha o melhor aplicativo que paga para responder pesquisas!<\/strong><\/p> <p style=\"text-align: center;\"><a class=\"maxbutton-31 maxbutton maxbutton-ver-como-baixar-app\" title=\"VER COMO BAIXAR APP\" href=\"https:\/\/saiunojornal.com.br\/es\/aplicativo-que-paga-para-responder-pesquisas-online\/\"><span class='mb-text'>VER COMO BAIXAR APP<\/span><\/a><\/p> <p>Para que tudo funcione bem, por\u00e9m, \u00e9 preciso estar atento \u00e0s ferramentas verdadeiras. E, para que voc\u00ea tenha mais seguran\u00e7a na hora da escolha, separamos aqui as principais informa\u00e7\u00f5es e tudo o que voc\u00ea precisa saber sobre um bom aplicativo que paga para responder pesquisas online.<\/p> <h2><strong>Com Saber se o Aplicativo que Paga para Responder Pesquisas Online \u00e9 Verdadeiro<\/strong><\/h2> <p>Apesar de ser uma excelente maneira de conseguir um dinheiro a mais, \u00e9 preciso ficar atento para n\u00e3o cair em pegadinhas. Isso porque, a internet \u00e9 um celeiro de oportunidades, mas nem todo mundo que est\u00e1 por aqui \u00e9 boa gente.<\/p> <p>Para ter certeza de que est\u00e1 utilizando uma ferramenta id\u00f4nea, \u00e9 importante tomar alguns cuidados. Essa \u00e9 a melhor maneira de evitar perder o seu tempo com plataformas falsas e invest\u00ed-lo em um<strong> app que te paga por hacer encuestas online<\/strong> de verdade.<\/p> <p>A fim de n\u00e3o correr riscos desnecess\u00e1rios, preste aten\u00e7\u00e3o nas dicas que separamos!<\/p> <h3><strong>Confira a Fonte<\/strong><\/h3> <p>O primeiro passo para ter certeza de um aplicativo que paga para responder pesquisas online \u00e9 verdadeiro, \u00e9 conferir seu endere\u00e7o direto na fonte. Essa \u00e9 uma boa ideia porque, de maneira geral, as empresas mant\u00eam links em seus sites oficiais, que encaminham para o download do aplicativo.<\/p> <p>Obviamente, \u00e9 bem mais f\u00e1cil baixar o aplicativo direto na Store do seu celular. Contudo, especialmente quando se trata de uma plataforma que promete dinheiro, vale a pena investir um tempinho na pesquisa da fonte.<\/p> <p style=\"text-align: center;\"><strong>Escolha o melhor aplicativo que paga para responder pesquisas!<\/strong><\/p> <p style=\"text-align: center;\"><a class=\"maxbutton-31 maxbutton maxbutton-ver-como-baixar-app\" title=\"VER COMO BAIXAR APP\" href=\"https:\/\/saiunojornal.com.br\/es\/aplicativo-que-paga-para-responder-pesquisas-online\/\"><span class='mb-text'>VER COMO BAIXAR APP<\/span><\/a><\/p> <h3><strong>Cheque as Recomenda\u00e7\u00f5es<\/strong><\/h3> <p>Pode acontecer de determinado aplicativo ser uma cria\u00e7\u00e3o independente. Se for esse o caso, talvez voc\u00ea n\u00e3o consiga rastrear at\u00e9 a fonte principal. Ainda assim, h\u00e1 maneiras de conferir se a plataforma \u00e9 de verdade.<\/p> <p>Uma boa ideia \u00e9 checar as recomenda\u00e7\u00f5es. Isso est\u00e1 dispon\u00edvel na pr\u00f3pria Store, na hora de fazer o download, mas, voc\u00ea precisa ir al\u00e9m. Atualmente, n\u00e3o \u00e9 dif\u00edcil angariar avalia\u00e7\u00f5es positivas falsas na web, ent\u00e3o, cheque tamb\u00e9m as negativas e se apegue a descri\u00e7\u00f5es detalhadas que denotem que o usu\u00e1rio realmente testou.<\/p> <p>Al\u00e9m disso, v\u00e1 al\u00e9m dos coment\u00e1rios do link na Store e expanda a pesquisa para outras fontes. Isso vai te ajudar a saber o que andam dizendo sobre a ferramenta em quest\u00e3o.<\/p> <h3><strong>Confira a Data de Lan\u00e7amento do Aplicativo<\/strong><\/h3> <p>Al\u00e9m das recomenda\u00e7\u00f5es, um<strong> app que te paga por hacer encuestas online<\/strong> tamb\u00e9m oferece outros dados mais detalhados. Uma dessas informa\u00e7\u00f5es, que voc\u00ea pode consultar no momento do download, \u00e9 exatamente a data de lan\u00e7amento da ferramenta.<\/p> <p>A ideia basilar \u00e9 b\u00e1sica. Ao que tudo indica, aplicativos mais antigos s\u00e3o mais confi\u00e1veis, j\u00e1 que est\u00e3o h\u00e1 mais tempo no ar. Enquanto isso, quanto mais recente for o aplicativo, mas voc\u00ea dever\u00e1 refor\u00e7ar a vigil\u00e2ncia.<\/p> <p>&nbsp;<\/p> <p>Essa \u00e9 uma tarefa importante na hora de baixar qualquer aplicativo. Mas, para encontrar o melhor aplicativo que paga para responder pesquisas online, n\u00f3s preparamos uma lista que vai facilitar o caminho.<\/p> <p style=\"text-align: center;\"><strong>Escolha o melhor aplicativo que paga para responder pesquisas!<\/strong><\/p> <p style=\"text-align: center;\"><a class=\"maxbutton-31 maxbutton maxbutton-ver-como-baixar-app\" title=\"VER COMO BAIXAR APP\" href=\"https:\/\/saiunojornal.com.br\/es\/aplicativo-que-paga-para-responder-pesquisas-online\/\"><span class='mb-text'>VER COMO BAIXAR APP<\/span><\/a><\/p>","protected":false},"excerpt":{"rendered":"<p>Na era da internet, o sonho de boa parte da popula\u00e7\u00e3o \u00e9 conseguir trabalhar online. H\u00e1 v\u00e1rias formas de fazer isso de maneira integral. Mas, para quem n\u00e3o pode, ou n\u00e3o quer, deixar a estabilidade para tr\u00e1s, esse tamb\u00e9m pode ser o caminho para angariar uma renda extra. \u00c9 para isso que muita gente recorre, &#8230; <a title=\"Aplicativo que Paga para Responder Pesquisas Online\" class=\"read-more\" href=\"https:\/\/saiunojornal.com.br\/es\/pre-aplicativo-que-paga-para-responder-pesquisas-online\/\" aria-label=\"Leer m\u00e1s sobre Aplicativo que Paga para Responder Pesquisas Online\">Seguir leyendo<\/a><\/p>","protected":false},"author":2,"featured_media":0,"parent":0,"menu_order":0,"comment_status":"closed","ping_status":"closed","template":"","meta":{"footnotes":""},"class_list":["post-2555","page","type-page","status-publish"],"yoast_head":"<!-- This site is optimized with the Yoast SEO plugin v27.3 - https:\/\/yoast.com\/product\/yoast-seo-wordpress\/ -->\n<title>Aplicativo que Paga para Responder Pesquisas Online &#187; Saiu no Jornal<\/title>\n<meta name=\"description\" content=\"Descubra como complementar a renda utilizando o melhor aplicativo que paga para responder pesquisas online!\" \/>\n<meta name=\"robots\" content=\"index, follow, max-snippet:-1, max-image-preview:large, max-video-preview:-1\" \/>\n<link rel=\"canonical\" href=\"https:\/\/saiunojornal.com.br\/es\/pre-aplicativo-que-paga-para-responder-pesquisas-online\/\" \/>\n<meta property=\"og:locale\" content=\"es_ES\" \/>\n<meta property=\"og:type\" content=\"article\" \/>\n<meta property=\"og:title\" content=\"Aplicativo que Paga para Responder Pesquisas Online &#187; Saiu no Jornal\" \/>\n<meta property=\"og:description\" content=\"Descubra como complementar a renda utilizando o melhor aplicativo que paga para responder pesquisas online!\" \/>\n<meta property=\"og:url\" content=\"https:\/\/saiunojornal.com.br\/es\/pre-aplicativo-que-paga-para-responder-pesquisas-online\/\" \/>\n<meta property=\"og:site_name\" content=\"Saiu no Jornal\" \/>\n<meta name=\"twitter:card\" content=\"summary_large_image\" \/>\n<meta name=\"twitter:label1\" content=\"Tiempo de lectura\" \/>\n\t<meta name=\"twitter:data1\" content=\"3 minutos\" \/>\n<script type=\"application\/ld+json\" class=\"yoast-schema-graph\">{\"@context\":\"https:\\\/\\\/schema.org\",\"@graph\":[{\"@type\":\"WebPage\",\"@id\":\"https:\\\/\\\/saiunojornal.com.br\\\/pre-aplicativo-que-paga-para-responder-pesquisas-online\\\/\",\"url\":\"https:\\\/\\\/saiunojornal.com.br\\\/pre-aplicativo-que-paga-para-responder-pesquisas-online\\\/\",\"name\":\"Aplicativo que Paga para Responder Pesquisas Online &#187; Saiu no Jornal\",\"isPartOf\":{\"@id\":\"https:\\\/\\\/saiunojornal.com.br\\\/#website\"},\"datePublished\":\"2024-09-25T02:29:30+00:00\",\"description\":\"Descubra como complementar a renda utilizando o melhor aplicativo que paga para responder pesquisas online!\",\"breadcrumb\":{\"@id\":\"https:\\\/\\\/saiunojornal.com.br\\\/pre-aplicativo-que-paga-para-responder-pesquisas-online\\\/#breadcrumb\"},\"inLanguage\":\"es\",\"potentialAction\":[{\"@type\":\"ReadAction\",\"target\":[\"https:\\\/\\\/saiunojornal.com.br\\\/pre-aplicativo-que-paga-para-responder-pesquisas-online\\\/\"]}]},{\"@type\":\"BreadcrumbList\",\"@id\":\"https:\\\/\\\/saiunojornal.com.br\\\/pre-aplicativo-que-paga-para-responder-pesquisas-online\\\/#breadcrumb\",\"itemListElement\":[{\"@type\":\"ListItem\",\"position\":1,\"name\":\"In\u00edcio\",\"item\":\"https:\\\/\\\/saiunojornal.com.br\\\/\"},{\"@type\":\"ListItem\",\"position\":2,\"name\":\"Aplicativo que Paga para Responder Pesquisas Online\"}]},{\"@type\":\"WebSite\",\"@id\":\"https:\\\/\\\/saiunojornal.com.br\\\/#website\",\"url\":\"https:\\\/\\\/saiunojornal.com.br\\\/\",\"name\":\"Saiu no Jornal\",\"description\":\"\",\"potentialAction\":[{\"@type\":\"SearchAction\",\"target\":{\"@type\":\"EntryPoint\",\"urlTemplate\":\"https:\\\/\\\/saiunojornal.com.br\\\/?s={search_term_string}\"},\"query-input\":{\"@type\":\"PropertyValueSpecification\",\"valueRequired\":true,\"valueName\":\"search_term_string\"}}],\"inLanguage\":\"es\"}]}<\/script>\n<!-- \/ Yoast SEO plugin. -->","yoast_head_json":{"title":"Aplicativo que Paga para Responder Pesquisas Online &#187; Saiu no Jornal","description":"Descubra como complementar a renda utilizando o melhor aplicativo que paga para responder pesquisas online!","robots":{"index":"index","follow":"follow","max-snippet":"max-snippet:-1","max-image-preview":"max-image-preview:large","max-video-preview":"max-video-preview:-1"},"canonical":"https:\/\/saiunojornal.com.br\/es\/pre-aplicativo-que-paga-para-responder-pesquisas-online\/","og_locale":"es_ES","og_type":"article","og_title":"Aplicativo que Paga para Responder Pesquisas Online &#187; Saiu no Jornal","og_description":"Descubra como complementar a renda utilizando o melhor aplicativo que paga para responder pesquisas online!","og_url":"https:\/\/saiunojornal.com.br\/es\/pre-aplicativo-que-paga-para-responder-pesquisas-online\/","og_site_name":"Saiu no Jornal","twitter_card":"summary_large_image","twitter_misc":{"Tiempo de lectura":"3 minutos"},"schema":{"@context":"https:\/\/schema.org","@graph":[{"@type":"WebPage","@id":"https:\/\/saiunojornal.com.br\/pre-aplicativo-que-paga-para-responder-pesquisas-online\/","url":"https:\/\/saiunojornal.com.br\/pre-aplicativo-que-paga-para-responder-pesquisas-online\/","name":"Aplicativo que Paga para Responder Pesquisas Online &#187; Saiu no Jornal","isPartOf":{"@id":"https:\/\/saiunojornal.com.br\/#website"},"datePublished":"2024-09-25T02:29:30+00:00","description":"Descubra como complementar a renda utilizando o melhor aplicativo que paga para responder pesquisas online!","breadcrumb":{"@id":"https:\/\/saiunojornal.com.br\/pre-aplicativo-que-paga-para-responder-pesquisas-online\/#breadcrumb"},"inLanguage":"es","potentialAction":[{"@type":"ReadAction","target":["https:\/\/saiunojornal.com.br\/pre-aplicativo-que-paga-para-responder-pesquisas-online\/"]}]},{"@type":"BreadcrumbList","@id":"https:\/\/saiunojornal.com.br\/pre-aplicativo-que-paga-para-responder-pesquisas-online\/#breadcrumb","itemListElement":[{"@type":"ListItem","position":1,"name":"In\u00edcio","item":"https:\/\/saiunojornal.com.br\/"},{"@type":"ListItem","position":2,"name":"Aplicativo que Paga para Responder Pesquisas Online"}]},{"@type":"WebSite","@id":"https:\/\/saiunojornal.com.br\/#website","url":"https:\/\/saiunojornal.com.br\/","name":"Apareci\u00f3 en el peri\u00f3dico","description":"","potentialAction":[{"@type":"SearchAction","target":{"@type":"EntryPoint","urlTemplate":"https:\/\/saiunojornal.com.br\/?s={search_term_string}"},"query-input":{"@type":"PropertyValueSpecification","valueRequired":true,"valueName":"search_term_string"}}],"inLanguage":"es"}]}},"jetpack_sharing_enabled":true,"_links":{"self":[{"href":"https:\/\/saiunojornal.com.br\/es\/wp-json\/wp\/v2\/pages\/2555","targetHints":{"allow":["GET"]}}],"collection":[{"href":"https:\/\/saiunojornal.com.br\/es\/wp-json\/wp\/v2\/pages"}],"about":[{"href":"https:\/\/saiunojornal.com.br\/es\/wp-json\/wp\/v2\/types\/page"}],"author":[{"embeddable":true,"href":"https:\/\/saiunojornal.com.br\/es\/wp-json\/wp\/v2\/users\/2"}],"replies":[{"embeddable":true,"href":"https:\/\/saiunojornal.com.br\/es\/wp-json\/wp\/v2\/comments?post=2555"}],"version-history":[{"count":1,"href":"https:\/\/saiunojornal.com.br\/es\/wp-json\/wp\/v2\/pages\/2555\/revisions"}],"predecessor-version":[{"id":2556,"href":"https:\/\/saiunojornal.com.br\/es\/wp-json\/wp\/v2\/pages\/2555\/revisions\/2556"}],"wp:attachment":[{"href":"https:\/\/saiunojornal.com.br\/es\/wp-json\/wp\/v2\/media?parent=2555"}],"curies":[{"name":"wp","href":"https:\/\/api.w.org\/{rel}","templated":true}]}}