{"id":2566,"date":"2024-10-04T15:33:30","date_gmt":"2024-10-04T18:33:30","guid":{"rendered":"https:\/\/saiunojornal.com.br\/?page_id=2566"},"modified":"2024-10-04T15:34:47","modified_gmt":"2024-10-04T18:34:47","slug":"politica-de-cookies","status":"publish","type":"page","link":"https:\/\/saiunojornal.com.br\/es\/politica-de-cookies\/","title":{"rendered":"Pol\u00edtica de cookies"},"content":{"rendered":"<p><strong>Pol\u00edtica de cookies - saiunojornal.com.br<\/strong><\/p> <p>Esta Pol\u00edtica de cookies explica c\u00f3mo <strong>saiunojornal.com.br<\/strong>\u00a0utiliza cookies y tecnolog\u00edas similares para reconocer cuando visita nuestro sitio web, comprender sus preferencias y mejorar su experiencia en l\u00ednea. Si contin\u00faa navegando, consideramos que acepta su uso.<\/p> <h3>1. \u00bfQu\u00e9 son las cookies?<\/h3> <p>Las cookies son peque\u00f1os archivos de texto que se almacenan en su dispositivo (ordenador, tableta, tel\u00e9fono inteligente) cuando visita un sitio web. Ayudan a que el sitio web funcione correctamente, mejoran la experiencia del usuario y proporcionan informaci\u00f3n a los propietarios del sitio web sobre c\u00f3mo se utiliza.<\/p> <h3>2. \u00bfC\u00f3mo utilizamos las cookies?<\/h3> <p>Utilizamos cookies con diversos fines, entre ellos<\/p> <ul> <li><strong>Cookies estrictamente necesarias<\/strong>Esencial para el funcionamiento de nuestro sitio web, permitiendo la navegaci\u00f3n y el uso de recursos como el acceso a zonas seguras.<\/li> <li><strong>Cookies de rendimiento<\/strong>Estas cookies recogen informaci\u00f3n sobre c\u00f3mo los visitantes utilizan el sitio, como las p\u00e1ginas m\u00e1s visitadas. Estas cookies no recogen informaci\u00f3n personal; toda la informaci\u00f3n es agregada y anonimizada.<\/li> <li><strong>Cookies funcionales<\/strong>Permiten al sitio recordar sus elecciones (como su idioma o regi\u00f3n) y ofrecer funcionalidades mejoradas y personalizadas.<\/li> <li><strong>Cookies publicitarias<\/strong>Se utilizan para mostrarle anuncios relevantes para usted, basados en sus intereses y actividades previas en el sitio. Tambi\u00e9n ayudan a limitar el n\u00famero de veces que ve un anuncio y a medir la eficacia de las campa\u00f1as publicitarias.<\/li> <\/ul> <h3>3. Cookies de terceros<\/h3> <p>Algunas de las cookies que utilizamos son proporcionadas por terceros de confianza. Por ejemplo, podemos utilizar Google Analytics, que nos ayuda a entender c\u00f3mo utiliza el sitio e identificar \u00e1reas de mejora. Estos terceros pueden recopilar y procesar datos de navegaci\u00f3n de acuerdo con sus propias pol\u00edticas de privacidad.<\/p> <h3>4. Control y gesti\u00f3n de cookies<\/h3> <p>Puede gestionar y\/o eliminar las cookies directamente en su navegador. La mayor\u00eda de los navegadores le permiten controlar las cookies a trav\u00e9s de la configuraci\u00f3n. Sin embargo, si decide bloquear todas las cookies (incluidas las esenciales), esto puede afectar a la funcionalidad de nuestro sitio web.<\/p> <p>Aqu\u00ed tiene enlaces para gestionar las cookies en los principales navegadores:<\/p> <ul> <li><a target=\"_new\" rel=\"noopener\">Google Chrome<\/a><\/li> <li><a href=\"https:\/\/support.mozilla.org\/pt-BR\/kb\/ativar-desativar-cookies\" target=\"_new\" rel=\"noopener\">Mozilla Firefox<\/a><\/li> <li><a href=\"https:\/\/support.microsoft.com\/pt-br\/help\/4027947\/microsoft-edge-delete-cookies\" target=\"_new\" rel=\"noopener\">Microsoft Edge<\/a><\/li> <li><a href=\"https:\/\/support.apple.com\/pt-br\/guide\/safari\/sfri11471\/mac\" target=\"_new\" rel=\"noopener\">Safari<\/a><\/li> <\/ul> <h3>5. Cambios en la pol\u00edtica de cookies<\/h3> <p>Es posible que actualicemos nuestra Pol\u00edtica de Cookies de vez en cuando para reflejar cambios en nuestros servicios o en la legislaci\u00f3n aplicable. Cualquier cambio se publicar\u00e1 en esta p\u00e1gina, y le recomendamos que la revise con regularidad.<\/p> <h3>6. Contacto<\/h3> <p>Si tiene alguna pregunta sobre nuestra Pol\u00edtica de Cookies, p\u00f3ngase en contacto con nosotros por correo electr\u00f3nico: <strong>jpmidia2.0@gmail.com<\/strong><\/p>","protected":false},"excerpt":{"rendered":"<p>Pol\u00edtica de Cookies - saiunojornal.com.br Esta Pol\u00edtica de Cookies explica c\u00f3mo saiunojornal.com.br utiliza las cookies y tecnolog\u00edas similares para reconocerle cuando visita nuestro sitio web, entender sus preferencias y mejorar su experiencia online. Al continuar utilizando nuestro sitio web, usted acepta nuestro uso de cookies como se describe en esta pol\u00edtica. 1. \u00bfqu\u00e9 son las cookies? Cookies ... <a title=\"Pol\u00edtica de cookies\" class=\"read-more\" href=\"https:\/\/saiunojornal.com.br\/es\/politica-de-cookies\/\" aria-label=\"Leer m\u00e1s sobre Pol\u00edtica de Cookies\">Seguir leyendo<\/a><\/p>","protected":false},"author":1,"featured_media":0,"parent":0,"menu_order":0,"comment_status":"closed","ping_status":"closed","template":"","meta":{"footnotes":""},"class_list":["post-2566","page","type-page","status-publish"],"yoast_head":"<!-- This site is optimized with the Yoast SEO plugin v27.4 - https:\/\/yoast.com\/product\/yoast-seo-wordpress\/ -->\n<title>Pol\u00edtica de Cookies &#187; Saiu no Jornal<\/title>\n<meta name=\"robots\" content=\"index, follow, max-snippet:-1, max-image-preview:large, max-video-preview:-1\" \/>\n<link rel=\"canonical\" href=\"https:\/\/saiunojornal.com.br\/es\/politica-de-cookies\/\" \/>\n<meta property=\"og:locale\" content=\"es_ES\" \/>\n<meta property=\"og:type\" content=\"article\" \/>\n<meta property=\"og:title\" content=\"Pol\u00edtica de Cookies &#187; Saiu no Jornal\" \/>\n<meta property=\"og:description\" content=\"Pol\u00edtica de Cookies &#8211; saiunojornal.com.br Esta Pol\u00edtica de Cookies explica como saiunojornal.com.br\u00a0utiliza cookies e tecnologias similares para reconhecer quando voc\u00ea visita nosso site, entender suas prefer\u00eancias e melhorar a sua experi\u00eancia online. Ao continuar a usar nosso site, voc\u00ea concorda com o uso de cookies conforme descrito nesta pol\u00edtica. 1. O que s\u00e3o Cookies? Cookies ... Leer m\u00e1s\" \/>\n<meta property=\"og:url\" content=\"https:\/\/saiunojornal.com.br\/es\/politica-de-cookies\/\" \/>\n<meta property=\"og:site_name\" content=\"Saiu no Jornal\" \/>\n<meta property=\"article:modified_time\" content=\"2024-10-04T18:34:47+00:00\" \/>\n<meta name=\"twitter:card\" content=\"summary_large_image\" \/>\n<meta name=\"twitter:label1\" content=\"Tiempo de lectura\" \/>\n\t<meta name=\"twitter:data1\" content=\"2 minutos\" \/>\n<script type=\"application\/ld+json\" class=\"yoast-schema-graph\">{\"@context\":\"https:\\\/\\\/schema.org\",\"@graph\":[{\"@type\":\"WebPage\",\"@id\":\"https:\\\/\\\/saiunojornal.com.br\\\/politica-de-cookies\\\/\",\"url\":\"https:\\\/\\\/saiunojornal.com.br\\\/politica-de-cookies\\\/\",\"name\":\"Pol\u00edtica de Cookies &#187; Saiu no Jornal\",\"isPartOf\":{\"@id\":\"https:\\\/\\\/saiunojornal.com.br\\\/#website\"},\"datePublished\":\"2024-10-04T18:33:30+00:00\",\"dateModified\":\"2024-10-04T18:34:47+00:00\",\"breadcrumb\":{\"@id\":\"https:\\\/\\\/saiunojornal.com.br\\\/politica-de-cookies\\\/#breadcrumb\"},\"inLanguage\":\"es\",\"potentialAction\":[{\"@type\":\"ReadAction\",\"target\":[\"https:\\\/\\\/saiunojornal.com.br\\\/politica-de-cookies\\\/\"]}]},{\"@type\":\"BreadcrumbList\",\"@id\":\"https:\\\/\\\/saiunojornal.com.br\\\/politica-de-cookies\\\/#breadcrumb\",\"itemListElement\":[{\"@type\":\"ListItem\",\"position\":1,\"name\":\"In\u00edcio\",\"item\":\"https:\\\/\\\/saiunojornal.com.br\\\/\"},{\"@type\":\"ListItem\",\"position\":2,\"name\":\"Pol\u00edtica de Cookies\"}]},{\"@type\":\"WebSite\",\"@id\":\"https:\\\/\\\/saiunojornal.com.br\\\/#website\",\"url\":\"https:\\\/\\\/saiunojornal.com.br\\\/\",\"name\":\"Saiu no Jornal\",\"description\":\"\",\"potentialAction\":[{\"@type\":\"SearchAction\",\"target\":{\"@type\":\"EntryPoint\",\"urlTemplate\":\"https:\\\/\\\/saiunojornal.com.br\\\/?s={search_term_string}\"},\"query-input\":{\"@type\":\"PropertyValueSpecification\",\"valueRequired\":true,\"valueName\":\"search_term_string\"}}],\"inLanguage\":\"es\"}]}<\/script>\n<!-- \/ Yoast SEO plugin. -->","yoast_head_json":{"title":"Pol\u00edtica de cookies \" En las noticias","robots":{"index":"index","follow":"follow","max-snippet":"max-snippet:-1","max-image-preview":"max-image-preview:large","max-video-preview":"max-video-preview:-1"},"canonical":"https:\/\/saiunojornal.com.br\/es\/politica-de-cookies\/","og_locale":"es_ES","og_type":"article","og_title":"Pol\u00edtica de Cookies &#187; Saiu no Jornal","og_description":"Pol\u00edtica de Cookies &#8211; saiunojornal.com.br Esta Pol\u00edtica de Cookies explica como saiunojornal.com.br\u00a0utiliza cookies e tecnologias similares para reconhecer quando voc\u00ea visita nosso site, entender suas prefer\u00eancias e melhorar a sua experi\u00eancia online. Ao continuar a usar nosso site, voc\u00ea concorda com o uso de cookies conforme descrito nesta pol\u00edtica. 1. O que s\u00e3o Cookies? Cookies ... Leer m\u00e1s","og_url":"https:\/\/saiunojornal.com.br\/es\/politica-de-cookies\/","og_site_name":"Saiu no Jornal","article_modified_time":"2024-10-04T18:34:47+00:00","twitter_card":"summary_large_image","twitter_misc":{"Tiempo de lectura":"2 minutos"},"schema":{"@context":"https:\/\/schema.org","@graph":[{"@type":"WebPage","@id":"https:\/\/saiunojornal.com.br\/politica-de-cookies\/","url":"https:\/\/saiunojornal.com.br\/politica-de-cookies\/","name":"Pol\u00edtica de cookies \" En las noticias","isPartOf":{"@id":"https:\/\/saiunojornal.com.br\/#website"},"datePublished":"2024-10-04T18:33:30+00:00","dateModified":"2024-10-04T18:34:47+00:00","breadcrumb":{"@id":"https:\/\/saiunojornal.com.br\/politica-de-cookies\/#breadcrumb"},"inLanguage":"es","potentialAction":[{"@type":"ReadAction","target":["https:\/\/saiunojornal.com.br\/politica-de-cookies\/"]}]},{"@type":"BreadcrumbList","@id":"https:\/\/saiunojornal.com.br\/politica-de-cookies\/#breadcrumb","itemListElement":[{"@type":"ListItem","position":1,"name":"In\u00edcio","item":"https:\/\/saiunojornal.com.br\/"},{"@type":"ListItem","position":2,"name":"Pol\u00edtica de Cookies"}]},{"@type":"WebSite","@id":"https:\/\/saiunojornal.com.br\/#website","url":"https:\/\/saiunojornal.com.br\/","name":"Apareci\u00f3 en el peri\u00f3dico","description":"","potentialAction":[{"@type":"SearchAction","target":{"@type":"EntryPoint","urlTemplate":"https:\/\/saiunojornal.com.br\/?s={search_term_string}"},"query-input":{"@type":"PropertyValueSpecification","valueRequired":true,"valueName":"search_term_string"}}],"inLanguage":"es"}]}},"jetpack_sharing_enabled":true,"_links":{"self":[{"href":"https:\/\/saiunojornal.com.br\/es\/wp-json\/wp\/v2\/pages\/2566","targetHints":{"allow":["GET"]}}],"collection":[{"href":"https:\/\/saiunojornal.com.br\/es\/wp-json\/wp\/v2\/pages"}],"about":[{"href":"https:\/\/saiunojornal.com.br\/es\/wp-json\/wp\/v2\/types\/page"}],"author":[{"embeddable":true,"href":"https:\/\/saiunojornal.com.br\/es\/wp-json\/wp\/v2\/users\/1"}],"replies":[{"embeddable":true,"href":"https:\/\/saiunojornal.com.br\/es\/wp-json\/wp\/v2\/comments?post=2566"}],"version-history":[{"count":1,"href":"https:\/\/saiunojornal.com.br\/es\/wp-json\/wp\/v2\/pages\/2566\/revisions"}],"predecessor-version":[{"id":2567,"href":"https:\/\/saiunojornal.com.br\/es\/wp-json\/wp\/v2\/pages\/2566\/revisions\/2567"}],"wp:attachment":[{"href":"https:\/\/saiunojornal.com.br\/es\/wp-json\/wp\/v2\/media?parent=2566"}],"curies":[{"name":"wp","href":"https:\/\/api.w.org\/{rel}","templated":true}]}}