{"id":2699,"date":"2024-11-15T17:01:34","date_gmt":"2024-11-15T20:01:34","guid":{"rendered":"https:\/\/saiunojornal.com.br\/?page_id=2699"},"modified":"2024-11-23T13:52:05","modified_gmt":"2024-11-23T16:52:05","slug":"pre-cartao-caixa-tem","status":"publish","type":"page","link":"https:\/\/saiunojornal.com.br\/es\/pre-cartao-caixa-tem\/","title":{"rendered":"Aprenda Como Solicitar e Ganhar o Seu Cart\u00e3o Caixa Tem"},"content":{"rendered":"<p>Voc\u00ea sabia que \u00e9 poss\u00edvel<strong> solicitar seu Cart\u00e3o Caixa-Tem<\/strong> facilmente usando apenas o celular e em quest\u00e3o de minutos?<\/p> <p style=\"text-align: center;\"><strong>Veja como solicitar seu cart\u00e3o no bot\u00e3o abaixo!<\/strong><\/p> <p style=\"text-align: center;\"><a class=\"maxbutton-20 maxbutton maxbutton-ofertas-azul\" href=\"https:\/\/saiunojornal.com.br\/es\/cartao-caixa-tem\/\"><span class='mb-text'>VER COMO SOLICITAR O SEU<\/span><\/a><\/p> <p>Com o avan\u00e7o da internet, hoje j\u00e1 \u00e9 poss\u00edvel usufruir de uma gama de servi\u00e7os financeiros de forma digital. Um bom exemplo disso \u00e9 a ades\u00e3o a cart\u00f5es de cr\u00e9dito, que agora est\u00e1 mais simples do que nunca gra\u00e7as \u00e0s contas digitais oferecidas por bancos e fintechs.<\/p> <h2><strong>O que \u00e9 o Cart\u00e3o Caixa Tem?<\/strong><\/h2> <p>O primeiro ponto que devemos destacar \u00e9 que o Cart\u00e3o Caixa Tem \u00e9 uma solu\u00e7\u00e3o de cr\u00e9dito oferecida exclusivamente para os usu\u00e1rios do aplicativo CAIXA Tem.<\/p> <p>Dito isso, a contrata\u00e7\u00e3o \u00e9 feita de forma 100% digital e diretamente pelo app, proporcionando praticidade e rapidez.<\/p> <p style=\"text-align: center;\"><strong>Veja como solicitar seu cart\u00e3o no bot\u00e3o abaixo!<\/strong><\/p> <p style=\"text-align: center;\"><a class=\"maxbutton-20 maxbutton maxbutton-ofertas-azul\" href=\"https:\/\/saiunojornal.com.br\/es\/cartao-caixa-tem\/\"><span class='mb-text'>VER COMO SOLICITAR O SEU<\/span><\/a><\/p> <p>Com ele, voc\u00ea pode realizar compras \u00e0 vista ou parceladas, conforme sua necessidade, e a pol\u00edtica do estabelecimento onde a compra for realizada. Mas \u00e9 bom se atentar a alguns detalhes que fazem dele uma solu\u00e7\u00e3o \u00fanica, come\u00e7ando pelo fato de que \u00e9 poss\u00edvel fazer compras \u00e0 vista com at\u00e9 40 dias para pagar.<\/p> <p>Nesse caso, o pagamento pode ser feito sem juros, e o prazo depender\u00e1 da data de fechamento da sua fatura. J\u00e1 as compras parceladas podem ser feitas com ou sem juros, variando conforme as condi\u00e7\u00f5es estabelecidas pelo vendedor. Mas \u00e9 bom prestar aten\u00e7\u00e3o porque mesmo sendo parcelada, o valor total da compra ser\u00e1 comprometido do limite do seu cart\u00e3o. Neste sentido, \u00e9 necess\u00e1rio gerenciar bem o uso do limite dispon\u00edvel para evitar problemas com futuras compras.<\/p> <h2><strong>Quem Pode Solicitar Um?<\/strong><\/h2> <p>Segundo a Caixa Econ\u00f4mica Federal, qualquer cliente que utilize o aplicativo Caixa Tem pode solicitar o cart\u00e3o. Entretanto, a solicita\u00e7\u00e3o passa por um processo de avalia\u00e7\u00e3o, o que pode dificultar um pouco para aqueles com um hist\u00f3rico de cr\u00e9dito ruim. Ou seja, se voc\u00ea estiver inadimplente, \u00e9 prov\u00e1vel que n\u00e3o v\u00e1 ser aprovado.<\/p> <p>Por\u00e9m, se voc\u00ea n\u00e3o possui nenhum tipo de pend\u00eancia financeira \u00e9 muito prov\u00e1vel que o seu cart\u00e3o seja aprovado sem nenhum tipo de problema. Basta que voc\u00ea tenha em m\u00e3os os seus documentos de identidade e comprovantes de resid\u00eancia para inserir na hora da solicita\u00e7\u00e3o, um processo que deve levar apenas alguns minutos.<\/p> <h2><strong>Vantagens de ter o aplicativo Caixa Tem<\/strong><\/h2> <p>O <strong>Caja tiene<\/strong> \u00e9 um aplicativo desenvolvido pela Caixa Econ\u00f4mica Federal com o objetivo de facilitar o acesso a servi\u00e7os e benef\u00edcios sociais oferecidos pelo governo brasileiro. Ele foi criado inicialmente para gerenciar pagamentos de programas como o <strong>Aux\u00edlio Emergencial<\/strong>, <strong>Bolsa Familia<\/strong> (atualmente <strong>Aux\u00edlio Brasil<\/strong>) e outros benef\u00edcios sociais.<\/p> <p>Entre os principais benef\u00edcios do aplicativo est\u00e3o:<\/p> <ul> <li><strong>Acessibilidade:<\/strong> Interface simples e pr\u00e1tica, permitindo que pessoas com pouca experi\u00eancia digital utilizem o app.<\/li> <li><strong>Pagamentos e transfer\u00eancias:<\/strong> Permite pagar contas, boletos e realizar transfer\u00eancias gratuitas entre contas banc\u00e1rias.<\/li> <li><strong>Cart\u00e3o de d\u00e9bito virtual:<\/strong> Oferece um cart\u00e3o virtual para compras online de forma segura.<\/li> <li><strong>Recarga de celular:<\/strong> Op\u00e7\u00e3o pr\u00e1tica para recarregar o saldo de operadoras diretamente pelo app.<\/li> <li><strong>Consulta de saldos e extratos:<\/strong> F\u00e1cil acompanhamento dos valores recebidos e movimenta\u00e7\u00f5es realizadas.<\/li> <\/ul> <p>O Caixa Tem \u00e9 uma ferramenta importante para promover a inclus\u00e3o financeira e social, principalmente entre as pessoas de baixa renda. Portanto, n\u00e3o perca tempo e aprenda como solicitar o seu agora mesmo:<\/p> <p style=\"text-align: center;\"><strong>Veja como solicitar seu cart\u00e3o no bot\u00e3o abaixo!<\/strong><\/p> <p style=\"text-align: center;\"><a class=\"maxbutton-20 maxbutton maxbutton-ofertas-azul\" href=\"https:\/\/saiunojornal.com.br\/es\/cartao-caixa-tem\/\"><span class='mb-text'>VER COMO SOLICITAR O SEU<\/span><\/a><\/p>","protected":false},"excerpt":{"rendered":"<p>Voc\u00ea sabia que \u00e9 poss\u00edvel solicitar seu Cart\u00e3o Caixa-Tem facilmente usando apenas o celular e em quest\u00e3o de minutos? Veja como solicitar seu cart\u00e3o no bot\u00e3o abaixo! Com o avan\u00e7o da internet, hoje j\u00e1 \u00e9 poss\u00edvel usufruir de uma gama de servi\u00e7os financeiros de forma digital. Um bom exemplo disso \u00e9 a ades\u00e3o a cart\u00f5es &#8230; <a title=\"Aprenda Como Solicitar e Ganhar o Seu Cart\u00e3o Caixa Tem\" class=\"read-more\" href=\"https:\/\/saiunojornal.com.br\/es\/pre-cartao-caixa-tem\/\" aria-label=\"Leer m\u00e1s sobre Aprenda Como Solicitar e Ganhar o Seu Cart\u00e3o Caixa Tem\">Seguir leyendo<\/a><\/p>","protected":false},"author":6,"featured_media":0,"parent":0,"menu_order":0,"comment_status":"closed","ping_status":"closed","template":"","meta":{"footnotes":""},"class_list":["post-2699","page","type-page","status-publish"],"yoast_head":"<!-- This site is optimized with the Yoast SEO plugin v27.3 - https:\/\/yoast.com\/product\/yoast-seo-wordpress\/ -->\n<title>Aprenda Como Solicitar e Ganhar o Seu Cart\u00e3o Caixa Tem &#187; Saiu no Jornal<\/title>\n<meta name=\"robots\" content=\"index, follow, max-snippet:-1, max-image-preview:large, max-video-preview:-1\" \/>\n<link rel=\"canonical\" href=\"https:\/\/saiunojornal.com.br\/es\/pre-cartao-caixa-tem\/\" \/>\n<meta property=\"og:locale\" content=\"es_ES\" \/>\n<meta property=\"og:type\" content=\"article\" \/>\n<meta property=\"og:title\" content=\"Aprenda Como Solicitar e Ganhar o Seu Cart\u00e3o Caixa Tem &#187; Saiu no Jornal\" \/>\n<meta property=\"og:description\" content=\"Voc\u00ea sabia que \u00e9 poss\u00edvel solicitar seu Cart\u00e3o Caixa-Tem facilmente usando apenas o celular e em quest\u00e3o de minutos? Veja como solicitar seu cart\u00e3o no bot\u00e3o abaixo! Com o avan\u00e7o da internet, hoje j\u00e1 \u00e9 poss\u00edvel usufruir de uma gama de servi\u00e7os financeiros de forma digital. Um bom exemplo disso \u00e9 a ades\u00e3o a cart\u00f5es ... Leer m\u00e1s\" \/>\n<meta property=\"og:url\" content=\"https:\/\/saiunojornal.com.br\/es\/pre-cartao-caixa-tem\/\" \/>\n<meta property=\"og:site_name\" content=\"Saiu no Jornal\" \/>\n<meta property=\"article:modified_time\" content=\"2024-11-23T16:52:05+00:00\" \/>\n<meta name=\"twitter:card\" content=\"summary_large_image\" \/>\n<meta name=\"twitter:label1\" content=\"Tiempo de lectura\" \/>\n\t<meta name=\"twitter:data1\" content=\"3 minutos\" \/>\n<script type=\"application\/ld+json\" class=\"yoast-schema-graph\">{\"@context\":\"https:\\\/\\\/schema.org\",\"@graph\":[{\"@type\":\"WebPage\",\"@id\":\"https:\\\/\\\/saiunojornal.com.br\\\/pre-cartao-caixa-tem\\\/\",\"url\":\"https:\\\/\\\/saiunojornal.com.br\\\/pre-cartao-caixa-tem\\\/\",\"name\":\"Aprenda Como Solicitar e Ganhar o Seu Cart\u00e3o Caixa Tem &#187; Saiu no Jornal\",\"isPartOf\":{\"@id\":\"https:\\\/\\\/saiunojornal.com.br\\\/#website\"},\"datePublished\":\"2024-11-15T20:01:34+00:00\",\"dateModified\":\"2024-11-23T16:52:05+00:00\",\"breadcrumb\":{\"@id\":\"https:\\\/\\\/saiunojornal.com.br\\\/pre-cartao-caixa-tem\\\/#breadcrumb\"},\"inLanguage\":\"es\",\"potentialAction\":[{\"@type\":\"ReadAction\",\"target\":[\"https:\\\/\\\/saiunojornal.com.br\\\/pre-cartao-caixa-tem\\\/\"]}]},{\"@type\":\"BreadcrumbList\",\"@id\":\"https:\\\/\\\/saiunojornal.com.br\\\/pre-cartao-caixa-tem\\\/#breadcrumb\",\"itemListElement\":[{\"@type\":\"ListItem\",\"position\":1,\"name\":\"In\u00edcio\",\"item\":\"https:\\\/\\\/saiunojornal.com.br\\\/\"},{\"@type\":\"ListItem\",\"position\":2,\"name\":\"Aprenda Como Solicitar e Ganhar o Seu Cart\u00e3o Caixa Tem\"}]},{\"@type\":\"WebSite\",\"@id\":\"https:\\\/\\\/saiunojornal.com.br\\\/#website\",\"url\":\"https:\\\/\\\/saiunojornal.com.br\\\/\",\"name\":\"Saiu no Jornal\",\"description\":\"\",\"potentialAction\":[{\"@type\":\"SearchAction\",\"target\":{\"@type\":\"EntryPoint\",\"urlTemplate\":\"https:\\\/\\\/saiunojornal.com.br\\\/?s={search_term_string}\"},\"query-input\":{\"@type\":\"PropertyValueSpecification\",\"valueRequired\":true,\"valueName\":\"search_term_string\"}}],\"inLanguage\":\"es\"}]}<\/script>\n<!-- \/ Yoast SEO plugin. -->","yoast_head_json":{"title":"Aprenda Como Solicitar e Ganhar o Seu Cart\u00e3o Caixa Tem &#187; Saiu no Jornal","robots":{"index":"index","follow":"follow","max-snippet":"max-snippet:-1","max-image-preview":"max-image-preview:large","max-video-preview":"max-video-preview:-1"},"canonical":"https:\/\/saiunojornal.com.br\/es\/pre-cartao-caixa-tem\/","og_locale":"es_ES","og_type":"article","og_title":"Aprenda Como Solicitar e Ganhar o Seu Cart\u00e3o Caixa Tem &#187; Saiu no Jornal","og_description":"Voc\u00ea sabia que \u00e9 poss\u00edvel solicitar seu Cart\u00e3o Caixa-Tem facilmente usando apenas o celular e em quest\u00e3o de minutos? Veja como solicitar seu cart\u00e3o no bot\u00e3o abaixo! Com o avan\u00e7o da internet, hoje j\u00e1 \u00e9 poss\u00edvel usufruir de uma gama de servi\u00e7os financeiros de forma digital. Um bom exemplo disso \u00e9 a ades\u00e3o a cart\u00f5es ... Leer m\u00e1s","og_url":"https:\/\/saiunojornal.com.br\/es\/pre-cartao-caixa-tem\/","og_site_name":"Saiu no Jornal","article_modified_time":"2024-11-23T16:52:05+00:00","twitter_card":"summary_large_image","twitter_misc":{"Tiempo de lectura":"3 minutos"},"schema":{"@context":"https:\/\/schema.org","@graph":[{"@type":"WebPage","@id":"https:\/\/saiunojornal.com.br\/pre-cartao-caixa-tem\/","url":"https:\/\/saiunojornal.com.br\/pre-cartao-caixa-tem\/","name":"Aprenda Como Solicitar e Ganhar o Seu Cart\u00e3o Caixa Tem &#187; Saiu no Jornal","isPartOf":{"@id":"https:\/\/saiunojornal.com.br\/#website"},"datePublished":"2024-11-15T20:01:34+00:00","dateModified":"2024-11-23T16:52:05+00:00","breadcrumb":{"@id":"https:\/\/saiunojornal.com.br\/pre-cartao-caixa-tem\/#breadcrumb"},"inLanguage":"es","potentialAction":[{"@type":"ReadAction","target":["https:\/\/saiunojornal.com.br\/pre-cartao-caixa-tem\/"]}]},{"@type":"BreadcrumbList","@id":"https:\/\/saiunojornal.com.br\/pre-cartao-caixa-tem\/#breadcrumb","itemListElement":[{"@type":"ListItem","position":1,"name":"In\u00edcio","item":"https:\/\/saiunojornal.com.br\/"},{"@type":"ListItem","position":2,"name":"Aprenda Como Solicitar e Ganhar o Seu Cart\u00e3o Caixa Tem"}]},{"@type":"WebSite","@id":"https:\/\/saiunojornal.com.br\/#website","url":"https:\/\/saiunojornal.com.br\/","name":"Apareci\u00f3 en el peri\u00f3dico","description":"","potentialAction":[{"@type":"SearchAction","target":{"@type":"EntryPoint","urlTemplate":"https:\/\/saiunojornal.com.br\/?s={search_term_string}"},"query-input":{"@type":"PropertyValueSpecification","valueRequired":true,"valueName":"search_term_string"}}],"inLanguage":"es"}]}},"jetpack_sharing_enabled":true,"_links":{"self":[{"href":"https:\/\/saiunojornal.com.br\/es\/wp-json\/wp\/v2\/pages\/2699","targetHints":{"allow":["GET"]}}],"collection":[{"href":"https:\/\/saiunojornal.com.br\/es\/wp-json\/wp\/v2\/pages"}],"about":[{"href":"https:\/\/saiunojornal.com.br\/es\/wp-json\/wp\/v2\/types\/page"}],"author":[{"embeddable":true,"href":"https:\/\/saiunojornal.com.br\/es\/wp-json\/wp\/v2\/users\/6"}],"replies":[{"embeddable":true,"href":"https:\/\/saiunojornal.com.br\/es\/wp-json\/wp\/v2\/comments?post=2699"}],"version-history":[{"count":6,"href":"https:\/\/saiunojornal.com.br\/es\/wp-json\/wp\/v2\/pages\/2699\/revisions"}],"predecessor-version":[{"id":2761,"href":"https:\/\/saiunojornal.com.br\/es\/wp-json\/wp\/v2\/pages\/2699\/revisions\/2761"}],"wp:attachment":[{"href":"https:\/\/saiunojornal.com.br\/es\/wp-json\/wp\/v2\/media?parent=2699"}],"curies":[{"name":"wp","href":"https:\/\/api.w.org\/{rel}","templated":true}]}}