{"id":2751,"date":"2024-11-22T19:28:27","date_gmt":"2024-11-22T22:28:27","guid":{"rendered":"https:\/\/saiunojornal.com.br\/?page_id=2751"},"modified":"2025-07-07T22:48:36","modified_gmt":"2025-07-08T01:48:36","slug":"pre-emprestimo-itau","status":"publish","type":"page","link":"https:\/\/saiunojornal.com.br\/es\/pre-emprestimo-itau\/","title":{"rendered":"Como Fazer um Empr\u00e9stimo no Ita\u00fa"},"content":{"rendered":"<p><span style=\"font-weight: 400;\">Contratar a un <b>pr\u00e9stamo en Ita\u00fa <\/b>pode ser uma ferramenta \u00fatil para reorganizar sua vida financeira, mas \u00e9 fundamental entender as op\u00e7\u00f5es dispon\u00edveis e avaliar se elas se encaixam no seu perfil. <\/span><\/p> <a class=\"maxbutton-20 maxbutton maxbutton-ofertas-azul\" href=\"https:\/\/saiunojornal.com.br\/es\/como-fazer-um-emprestimo-no-itau\/\"><span class='mb-text'>VER C\u00d3MO SOLICITARLO<\/span><\/a> <p><span style=\"font-weight: 400;\">O banco \u00e9 uma das principais institui\u00e7\u00f5es financeiras do Brasil, oferecendo uma ampla gama de solu\u00e7\u00f5es de cr\u00e9dito para atender \u00e0s necessidades dos seus clientes.<\/span><\/p> <h2><b>Modalidades Dispon\u00edveis<\/b><\/h2> <p><span style=\"font-weight: 400;\">Um ponto que chama a aten\u00e7\u00e3o \u00e9 que o Ita\u00fa possui v\u00e1rias op\u00e7\u00f5es que se encaixam em diferentes perfis. Cada modalidade possui suas especificidades, por isso \u00e9 essencial avaliar qual se adapta melhor \u00e0s suas necessidades.<\/span><\/p> <ul> <li style=\"font-weight: 400;\" aria-level=\"1\"><b>Empr\u00e9stimo Pessoal:<\/b><span style=\"font-weight: 400;\"> para quem precisa de dinheiro r\u00e1pido e sem complica\u00e7\u00f5es;<\/span><\/li> <li style=\"font-weight: 400;\" aria-level=\"1\"><b>Cr\u00e9dito Consignado:<\/b><span style=\"font-weight: 400;\"> oferece taxas menores e maior prazo para pagamento;<\/span><\/li> <li style=\"font-weight: 400;\" aria-level=\"1\"><b>Cr\u00e9dito com Garantia de Im\u00f3vel:<\/b><span style=\"font-weight: 400;\"> ideal para projetos maiores, mas com maior risco.<\/span><\/li> <\/ul> <p><span style=\"font-weight: 400;\">Ainda vale mencionar as op\u00e7\u00f5es de cart\u00e3o de cr\u00e9dito, que ajudam na hora das compras e proporcionam mais liberdade financeira para quem tem conta na institui\u00e7\u00e3o.<\/span><\/p> <h2><b>Vantagens de Contratar um Empr\u00e9stimo no Ita\u00fa<\/b><\/h2> <p><span style=\"font-weight: 400;\">Al\u00e9m das diversas modalidades, o banco tamb\u00e9m trabalha duro para trazer um <\/span><b>processo simplificado<\/b><span style=\"font-weight: 400;\"> onde o cliente pode fazer a solicita\u00e7\u00e3o completamente pelo celular e sem sair de casa. Basta baixar o app ou acessar o site da ag\u00eancia e fazer o seu.<\/span><\/p> <p><span style=\"font-weight: 400;\">Outra coisa importante s\u00e3o as <\/span><b>condi\u00e7\u00f5es personalizadas<\/b><span style=\"font-weight: 400;\"> que levam em conta o perfil socioecon\u00f4mico do cliente. Ao fazer a simula\u00e7\u00e3o a pessoa j\u00e1 sabe exatamente quantas parcelas vai pagar e quais s\u00e3o os juros e taxas.<\/span><\/p> <p><span style=\"font-weight: 400;\">E al\u00e9m de tudo isso, o Ita\u00fa \u00e9 uma das maiores institui\u00e7\u00f5es financeiras do pa\u00eds, passando credibilidade com sua hist\u00f3ria e transpar\u00eancia.<\/span><\/p> <h2><b>Tend\u00eancias no Mercado de Cr\u00e9dito<\/b><\/h2> <p><span style=\"font-weight: 400;\">Nos \u00faltimos anos, o mercado tem evolu\u00eddo rapidamente. Com o avan\u00e7o da tecnologia, o Ita\u00fa tem investido em solu\u00e7\u00f5es digitais para facilitar o acesso ao cr\u00e9dito, como a contrata\u00e7\u00e3o 100% online e ferramentas de educa\u00e7\u00e3o financeira.<\/span><\/p> <p><span style=\"font-weight: 400;\">Al\u00e9m disso, o banco oferece programas de renegocia\u00e7\u00e3o para clientes que enfrentam dificuldades, permitindo ajustar os valores e prazos das d\u00edvidas existentes.<\/span><\/p> <h2><b>Desvantagens e Cuidados Necess\u00e1rios<\/b><\/h2> <p><span style=\"font-weight: 400;\">Embora o Ita\u00fa ofere\u00e7a condi\u00e7\u00f5es atrativas, \u00e9 importante estar atento \u00e0s desvantagens:<\/span><\/p> <ul> <li style=\"font-weight: 400;\" aria-level=\"1\"><b>Taxas vari\u00e1veis:<\/b><span style=\"font-weight: 400;\"> dependendo da modalidade escolhida e da an\u00e1lise de cr\u00e9dito, os juros podem ser altos, principalmente para quem parcela em muitas vezes;<\/span><\/li> <li style=\"font-weight: 400;\" aria-level=\"1\"><b>Impacto no or\u00e7amento:<\/b><span style=\"font-weight: 400;\"> caso as parcelas n\u00e3o sejam planejadas adequadamente, elas podem comprometer a sua renda mensal.<\/span><\/li> <\/ul> <h2><b>Dicas Antes de Solicitar o Empr\u00e9stimo<\/b><\/h2> <p><span style=\"font-weight: 400;\">Antes de iniciar o processo de solicita\u00e7\u00e3o, \u00e9 importante considerar os seguintes pontos:<\/span><\/p> <ul> <li style=\"font-weight: 400;\" aria-level=\"1\"><b>Avalie sua necessidade real: <\/b><span style=\"font-weight: 400;\">certifique-se de que o empr\u00e9stimo \u00e9 realmente necess\u00e1rio e que voc\u00ea pode arcar com as parcelas.<\/span><\/li> <li style=\"font-weight: 400;\" aria-level=\"1\"><b>Planeje seu or\u00e7amento:<\/b><span style=\"font-weight: 400;\"> n\u00e3o comprometa mais de 30% da sua renda mensal com d\u00edvidas.<\/span><\/li> <li style=\"font-weight: 400;\" aria-level=\"1\"><b>Leia o contrato com aten\u00e7\u00e3o:<\/b><span style=\"font-weight: 400;\"> observe os detalhes sobre juros, taxas administrativas e multas por atraso.<\/span><\/li> <\/ul> <h2><b>Conclusi\u00f3n<\/b><\/h2> <p><span style=\"font-weight: 400;\">O empr\u00e9stimo Ita\u00fa pode ser uma excelente op\u00e7\u00e3o para quem busca cr\u00e9dito com seguran\u00e7a e praticidade. Antes de contratar, por\u00e9m, \u00e9 essencial entender as condi\u00e7\u00f5es, avaliar o impacto no or\u00e7amento e escolher a modalidade mais adequada.<\/span><\/p> <p><span style=\"font-weight: 400;\">Quer saber como contratar seu empr\u00e9stimo no Ita\u00fa? Confira nosso tutorial completo clicando no bot\u00e3o abaixo e tome uma decis\u00e3o informada!<\/span><\/p> <p style=\"text-align: center;\"><strong>Clique no bot\u00e3o abaixo para aprender a solicitar seu empr\u00e9stimo com o Ita\u00fa!<\/strong><\/p> <p style=\"text-align: center;\"><a class=\"maxbutton-20 maxbutton maxbutton-ofertas-azul\" href=\"https:\/\/saiunojornal.com.br\/es\/como-fazer-um-emprestimo-no-itau\/\"><span class='mb-text'>VER C\u00d3MO SOLICITARLO<\/span><\/a><\/p>","protected":false},"excerpt":{"rendered":"<p>Contratar um empr\u00e9stimo no Ita\u00fa pode ser uma ferramenta \u00fatil para reorganizar sua vida financeira, mas \u00e9 fundamental entender as op\u00e7\u00f5es dispon\u00edveis e avaliar se elas se encaixam no seu perfil. O banco \u00e9 uma das principais institui\u00e7\u00f5es financeiras do Brasil, oferecendo uma ampla gama de solu\u00e7\u00f5es de cr\u00e9dito para atender \u00e0s necessidades dos seus &#8230; <a title=\"Como Fazer um Empr\u00e9stimo no Ita\u00fa\" class=\"read-more\" href=\"https:\/\/saiunojornal.com.br\/es\/pre-emprestimo-itau\/\" aria-label=\"Leer m\u00e1s sobre Como Fazer um Empr\u00e9stimo no Ita\u00fa\">Seguir leyendo<\/a><\/p>","protected":false},"author":6,"featured_media":0,"parent":0,"menu_order":0,"comment_status":"closed","ping_status":"closed","template":"","meta":{"footnotes":""},"class_list":["post-2751","page","type-page","status-publish"],"yoast_head":"<!-- This site is optimized with the Yoast SEO plugin v27.3 - https:\/\/yoast.com\/product\/yoast-seo-wordpress\/ -->\n<title>Como Fazer um Empr\u00e9stimo no Ita\u00fa &#187; Saiu no Jornal<\/title>\n<meta name=\"robots\" content=\"index, follow, max-snippet:-1, max-image-preview:large, max-video-preview:-1\" \/>\n<link rel=\"canonical\" href=\"https:\/\/saiunojornal.com.br\/es\/pre-emprestimo-itau\/\" \/>\n<meta property=\"og:locale\" content=\"es_ES\" \/>\n<meta property=\"og:type\" content=\"article\" \/>\n<meta property=\"og:title\" content=\"Como Fazer um Empr\u00e9stimo no Ita\u00fa &#187; Saiu no Jornal\" \/>\n<meta property=\"og:description\" content=\"Contratar um empr\u00e9stimo no Ita\u00fa pode ser uma ferramenta \u00fatil para reorganizar sua vida financeira, mas \u00e9 fundamental entender as op\u00e7\u00f5es dispon\u00edveis e avaliar se elas se encaixam no seu perfil. O banco \u00e9 uma das principais institui\u00e7\u00f5es financeiras do Brasil, oferecendo uma ampla gama de solu\u00e7\u00f5es de cr\u00e9dito para atender \u00e0s necessidades dos seus ... Leer m\u00e1s\" \/>\n<meta property=\"og:url\" content=\"https:\/\/saiunojornal.com.br\/es\/pre-emprestimo-itau\/\" \/>\n<meta property=\"og:site_name\" content=\"Saiu no Jornal\" \/>\n<meta property=\"article:modified_time\" content=\"2025-07-08T01:48:36+00:00\" \/>\n<meta name=\"twitter:card\" content=\"summary_large_image\" \/>\n<meta name=\"twitter:label1\" content=\"Tiempo de lectura\" \/>\n\t<meta name=\"twitter:data1\" content=\"3 minutos\" \/>\n<script type=\"application\/ld+json\" class=\"yoast-schema-graph\">{\"@context\":\"https:\\\/\\\/schema.org\",\"@graph\":[{\"@type\":\"WebPage\",\"@id\":\"https:\\\/\\\/saiunojornal.com.br\\\/pre-emprestimo-itau\\\/\",\"url\":\"https:\\\/\\\/saiunojornal.com.br\\\/pre-emprestimo-itau\\\/\",\"name\":\"Como Fazer um Empr\u00e9stimo no Ita\u00fa &#187; Saiu no Jornal\",\"isPartOf\":{\"@id\":\"https:\\\/\\\/saiunojornal.com.br\\\/#website\"},\"datePublished\":\"2024-11-22T22:28:27+00:00\",\"dateModified\":\"2025-07-08T01:48:36+00:00\",\"breadcrumb\":{\"@id\":\"https:\\\/\\\/saiunojornal.com.br\\\/pre-emprestimo-itau\\\/#breadcrumb\"},\"inLanguage\":\"es\",\"potentialAction\":[{\"@type\":\"ReadAction\",\"target\":[\"https:\\\/\\\/saiunojornal.com.br\\\/pre-emprestimo-itau\\\/\"]}]},{\"@type\":\"BreadcrumbList\",\"@id\":\"https:\\\/\\\/saiunojornal.com.br\\\/pre-emprestimo-itau\\\/#breadcrumb\",\"itemListElement\":[{\"@type\":\"ListItem\",\"position\":1,\"name\":\"In\u00edcio\",\"item\":\"https:\\\/\\\/saiunojornal.com.br\\\/\"},{\"@type\":\"ListItem\",\"position\":2,\"name\":\"Como Fazer um Empr\u00e9stimo no Ita\u00fa\"}]},{\"@type\":\"WebSite\",\"@id\":\"https:\\\/\\\/saiunojornal.com.br\\\/#website\",\"url\":\"https:\\\/\\\/saiunojornal.com.br\\\/\",\"name\":\"Saiu no Jornal\",\"description\":\"\",\"potentialAction\":[{\"@type\":\"SearchAction\",\"target\":{\"@type\":\"EntryPoint\",\"urlTemplate\":\"https:\\\/\\\/saiunojornal.com.br\\\/?s={search_term_string}\"},\"query-input\":{\"@type\":\"PropertyValueSpecification\",\"valueRequired\":true,\"valueName\":\"search_term_string\"}}],\"inLanguage\":\"es\"}]}<\/script>\n<!-- \/ Yoast SEO plugin. -->","yoast_head_json":{"title":"Como Fazer um Empr\u00e9stimo no Ita\u00fa &#187; Saiu no Jornal","robots":{"index":"index","follow":"follow","max-snippet":"max-snippet:-1","max-image-preview":"max-image-preview:large","max-video-preview":"max-video-preview:-1"},"canonical":"https:\/\/saiunojornal.com.br\/es\/pre-emprestimo-itau\/","og_locale":"es_ES","og_type":"article","og_title":"Como Fazer um Empr\u00e9stimo no Ita\u00fa &#187; Saiu no Jornal","og_description":"Contratar um empr\u00e9stimo no Ita\u00fa pode ser uma ferramenta \u00fatil para reorganizar sua vida financeira, mas \u00e9 fundamental entender as op\u00e7\u00f5es dispon\u00edveis e avaliar se elas se encaixam no seu perfil. O banco \u00e9 uma das principais institui\u00e7\u00f5es financeiras do Brasil, oferecendo uma ampla gama de solu\u00e7\u00f5es de cr\u00e9dito para atender \u00e0s necessidades dos seus ... Leer m\u00e1s","og_url":"https:\/\/saiunojornal.com.br\/es\/pre-emprestimo-itau\/","og_site_name":"Saiu no Jornal","article_modified_time":"2025-07-08T01:48:36+00:00","twitter_card":"summary_large_image","twitter_misc":{"Tiempo de lectura":"3 minutos"},"schema":{"@context":"https:\/\/schema.org","@graph":[{"@type":"WebPage","@id":"https:\/\/saiunojornal.com.br\/pre-emprestimo-itau\/","url":"https:\/\/saiunojornal.com.br\/pre-emprestimo-itau\/","name":"Como Fazer um Empr\u00e9stimo no Ita\u00fa &#187; Saiu no Jornal","isPartOf":{"@id":"https:\/\/saiunojornal.com.br\/#website"},"datePublished":"2024-11-22T22:28:27+00:00","dateModified":"2025-07-08T01:48:36+00:00","breadcrumb":{"@id":"https:\/\/saiunojornal.com.br\/pre-emprestimo-itau\/#breadcrumb"},"inLanguage":"es","potentialAction":[{"@type":"ReadAction","target":["https:\/\/saiunojornal.com.br\/pre-emprestimo-itau\/"]}]},{"@type":"BreadcrumbList","@id":"https:\/\/saiunojornal.com.br\/pre-emprestimo-itau\/#breadcrumb","itemListElement":[{"@type":"ListItem","position":1,"name":"In\u00edcio","item":"https:\/\/saiunojornal.com.br\/"},{"@type":"ListItem","position":2,"name":"Como Fazer um Empr\u00e9stimo no Ita\u00fa"}]},{"@type":"WebSite","@id":"https:\/\/saiunojornal.com.br\/#website","url":"https:\/\/saiunojornal.com.br\/","name":"Apareci\u00f3 en el peri\u00f3dico","description":"","potentialAction":[{"@type":"SearchAction","target":{"@type":"EntryPoint","urlTemplate":"https:\/\/saiunojornal.com.br\/?s={search_term_string}"},"query-input":{"@type":"PropertyValueSpecification","valueRequired":true,"valueName":"search_term_string"}}],"inLanguage":"es"}]}},"jetpack_sharing_enabled":true,"_links":{"self":[{"href":"https:\/\/saiunojornal.com.br\/es\/wp-json\/wp\/v2\/pages\/2751","targetHints":{"allow":["GET"]}}],"collection":[{"href":"https:\/\/saiunojornal.com.br\/es\/wp-json\/wp\/v2\/pages"}],"about":[{"href":"https:\/\/saiunojornal.com.br\/es\/wp-json\/wp\/v2\/types\/page"}],"author":[{"embeddable":true,"href":"https:\/\/saiunojornal.com.br\/es\/wp-json\/wp\/v2\/users\/6"}],"replies":[{"embeddable":true,"href":"https:\/\/saiunojornal.com.br\/es\/wp-json\/wp\/v2\/comments?post=2751"}],"version-history":[{"count":7,"href":"https:\/\/saiunojornal.com.br\/es\/wp-json\/wp\/v2\/pages\/2751\/revisions"}],"predecessor-version":[{"id":3744,"href":"https:\/\/saiunojornal.com.br\/es\/wp-json\/wp\/v2\/pages\/2751\/revisions\/3744"}],"wp:attachment":[{"href":"https:\/\/saiunojornal.com.br\/es\/wp-json\/wp\/v2\/media?parent=2751"}],"curies":[{"name":"wp","href":"https:\/\/api.w.org\/{rel}","templated":true}]}}