{"id":3555,"date":"2025-06-05T10:10:29","date_gmt":"2025-06-05T13:10:29","guid":{"rendered":"https:\/\/saiunojornal.com.br\/?page_id=3555"},"modified":"2025-06-05T10:10:32","modified_gmt":"2025-06-05T13:10:32","slug":"aplicativos-cristaos-deixando-a-fe-mais-perto-de-voce-e-no-seu-celular","status":"publish","type":"page","link":"https:\/\/saiunojornal.com.br\/es\/aplicativos-cristaos-deixando-a-fe-mais-perto-de-voce-e-no-seu-celular\/","title":{"rendered":"Aplicativos Crist\u00e3os: Deixando a F\u00e9 Mais Perto de Voc\u00ea (e no seu Celular!)"},"content":{"rendered":"<p>O Cristianismo vem mudando completamente a sua imagem, passando de uma pr\u00e1tica considerada por muitos retr\u00f3grada para uma religi\u00e3o muito mais jovial e acess\u00edvel. E \u00e9 na tecnologia que a <strong>f\u00e9 crist\u00e3<\/strong> encontra um <strong>poderoso aliado<\/strong> para fortalecer a espiritualidade dos seus fi\u00e9is no dia a dia.<\/p>   <a class=\"maxbutton-34 maxbutton maxbutton-emp-kwai\" title=\"Emp Kwai\" href=\"https:\/\/saiunojornal.com.br\/es\/melhores-aplicativos-para-ouvir-musica-crista-gratuitamente\/\"><span class='mb-text'>APPS M\u00daSICA CRIST\u00c3<\/span><\/a>  <a class=\"maxbutton-33 maxbutton maxbutton-ver-como-fazer-emprestimo-simplic\" title=\"SIMPLIC\" href=\"https:\/\/saiunojornal.com.br\/es\/a-biblia-na-palma-da-mao-conheca-os-melhores-apps-da-biblia-sagrada-para-sua-jornada-espiritual\/\"><span class='mb-text'>APPS B\u00cdBLIA ONLINE<\/span><\/a>  <a class=\"maxbutton-36 maxbutton maxbutton-cartao-de-credito-itau\" title=\"Tarjeta de cr\u00e9dito Ita\u00fa\" href=\"https:\/\/saiunojornal.com.br\/es\/sintonize-sua-fe-os-melhores-aplicativos-de-radios-cristas-e-louvores\/\"><span class='mb-text'>R\u00c1DIOS CRIST\u00c3S<\/span><\/a>   <p>Em especial, os <strong>aplicativos crist\u00e3os<\/strong> t\u00eam ajudado a espalhar a palavra de Deus cada vez mais longe, funcionando como <strong>pontes entre a vida digital e o crescimento com Deus<\/strong>. Eles conectam seus usu\u00e1rios a conte\u00fados inspiradores que <strong>ensinam e promovem uma vida de f\u00e9<\/strong>.<\/p>    <h2 class=\"wp-block-heading\"><strong>Vantagens de Usar um Aplicativo Crist\u00e3o<\/strong><\/h2>    <p>A principal <strong>vantagem de usar um aplicativo crist\u00e3o<\/strong> \u00e9 a possibilidade de <strong>enriquecer sua jornada de f\u00e9<\/strong> de maneiras que antes eram imposs\u00edveis. Com somente um celular, uma pessoa consegue manter contato com Deus de onde ela estiver.<\/p>    <p>E a forma de intera\u00e7\u00e3o com a palavra vai variar de aplicativo para aplicativo, afinal, cada um deles possui um prop\u00f3sito exclusivo. Confira abaixo alguns dos benef\u00edcios que os aplicativos crist\u00e3os podem proporcionar:<\/p>    <ul class=\"wp-block-list\"> <li><strong>Acesso r\u00e1pido \u00e0 B\u00edblia:<\/strong> ter as Escrituras no celular, e dispon\u00edveis em diferentes vers\u00f5es e idiomas, com certeza entra no topo dessa lista. Al\u00e9m disso, os aplicativos de b\u00edblia tamb\u00e9m trazem recursos extras, como a possibilidade de anota\u00e7\u00f5es e compartilhamento de vers\u00edculos;<\/li>    <li><strong>Devocionais di\u00e1rios:<\/strong> alguns apps ajudam a refor\u00e7ar sua f\u00e9, enviando mensagens inspiradoras com base em passagens b\u00edblicas diariamente;<\/li>    <li><strong>Recursos interativos e engajamento:<\/strong> outros servi\u00e7os s\u00e3o mais interativos e permitem que voc\u00ea participe ativamente de discuss\u00f5es e enrique\u00e7a seus conhecimentos;<\/li>    <li><strong>Comunidade e conex\u00e3o:<\/strong> intera\u00e7\u00e3o com outros crist\u00e3os ajuda a criar comunidades para troca de experi\u00eancias, participa\u00e7\u00e3o em grupos de ora\u00e7\u00e3o, compartilhamento de vers\u00edculos e at\u00e9 organiza\u00e7\u00e3o de eventos;<\/li>    <li><strong>Organiza\u00e7\u00e3o da rotina:<\/strong> outros apps tem como finalidade auxiliar diretamente na pr\u00e1tica religiosa e auxiliam os usu\u00e1rios criando lembretes para ora\u00e7\u00f5es, cultos e momentos de medita\u00e7\u00e3o, proporcionando uma vida de intercess\u00e3o mais organizada e intencional.<\/li> <\/ul>    <p>Mas apesar de todas as vantagens, sempre existem alguns pontos que precisam ser mencionados, como o fato de grande parte dos aplicativos crist\u00e3os precisarem de uma <strong>conex\u00e3o est\u00e1vel com a internet<\/strong> para funcionar corretamente.<\/p>    <p>Al\u00e9m disso, \u00e9 bom notar que alguns apps podem focar excessivamente na comercializa\u00e7\u00e3o da palavra, podendo adotar pr\u00e1ticas que ao inv\u00e9s de ajudar v\u00e3o acabar tirando o foco do usu\u00e1rio, como uso abusivo de an\u00fancios ou assinaturas absurdas para recursos exclusivos.<\/p>    <h2 class=\"wp-block-heading\"><strong>Tipos de Aplicativos Dispon\u00edveis<\/strong><\/h2>    <p>Seguindo as ideias mencionadas acima, hoje existem diversos aplicativos especialmente pensados para necessidades espec\u00edficas dos crist\u00e3os, oferecendo ferramentas para <strong>facilitar pr\u00e1ticas espirituais<\/strong>.<\/p>    <p>Usando o celular, um aparelho que geralmente est\u00e1 conosco 24 horas por dia, hoje j\u00e1 \u00e9 poss\u00edvel organizar planos de leitura da B\u00edblia, ouvir prega\u00e7\u00f5es, participar de grupos de ora\u00e7\u00e3o online, ou acessar conte\u00fados devocionais em qualquer lugar.<\/p>    <p>Ou seja, esses aplicativos oferecem <strong>praticidade e acessibilidade <\/strong>nas disciplinas espirituais, os pilares fundamentais para uma vida crist\u00e3 ativa.<\/p>    <p>Existe uma <strong>grande diversidade de aplicativos<\/strong> que v\u00e3o atender a diferentes perfis de crist\u00e3os, indo desde jovens a l\u00edderes religiosos. Confira abaixo alguns dos principais tipos de aplicativos dispon\u00edveis hoje:<\/p>    <ul class=\"wp-block-list\"> <li><strong>B\u00edblia Digital:<\/strong> obviamente, aplicativos focados na leitura e estudo da B\u00edblia Sagrada;<\/li>    <li><strong>M\u00fasica Crist\u00e3 e Louvor:<\/strong> ajudam a criar um ambiente de adora\u00e7\u00e3o em qualquer lugar, levando o melhor do gospel onde voc\u00ea for;<\/li>    <li><strong>Di\u00e1rio de Ora\u00e7\u00e3o:<\/strong> aplicativos que permitem registrar pedidos e respostas de ora\u00e7\u00e3o;<\/li>    <li><strong>Podcasts e Estudos B\u00edblicos:<\/strong> esses s\u00e3o voltados para aqueles que buscam aprender mais, com prega\u00e7\u00f5es, s\u00e9ries de estudo b\u00edblico e coment\u00e1rios;<\/li>    <li><strong>Comunidades Crist\u00e3s Online:<\/strong> ajudam a manter contato com outros crist\u00e3os ao redor do mundo mediante intera\u00e7\u00f5es saud\u00e1veis voltadas para a f\u00e9.<\/li> <\/ul>    <p>Mas \u00e9 claro que esses s\u00e3o somente alguns exemplos e \u00e9 crucial entender que nem eles, nem outros tipos de aplicativos, podem<strong> substituir a vida em comunidade ou a igreja local<\/strong>; no final, os apps s\u00e3o apenas complementares e devem incentivar a comunh\u00e3o.<\/p>    <h2 class=\"wp-block-heading\"><strong>Perguntas Frequentes Sobre Aplicativos Crist\u00e3os&nbsp;<\/strong><\/h2>    <p>Muitas pessoas t\u00eam perguntas comuns sobre os <strong>aplicativos crist\u00e3os<\/strong>&nbsp; e logo abaixo iremos responder a algumas das mais comuns!<\/p>    <h3 class=\"wp-block-heading\"><strong>Qual app \u00e9 bom para come\u00e7ar?<\/strong><\/h3>    <p>Uma das perguntas mais comuns, mas com uma resposta bem clich\u00ea, se voc\u00ea nunca usou um aplicativo desses, o ideal \u00e9 procurar um que se encaixe nas suas necessidades. Por exemplo, se voc\u00ea n\u00e3o est\u00e1 tendo tempo de ir \u00e0 igreja como gostaria, podcasts podem ser uma boa op\u00e7\u00e3o, ou at\u00e9 mesmo r\u00e1dios online.<\/p>    <p><strong>Existe aplicativo com leitura b\u00edblica em \u00e1udio?<\/strong><\/p>    <p>Sim, diversos apps oferecem essa op\u00e7\u00e3o e s\u00e3o uma boa escolha para quem quer ouvir a palavra enquanto se desloca ou descansa. Mas \u00e9 bom ter em mente que eles s\u00e3o geralmente pagos ou colocam a maioria dos seus recursos atr\u00e1s de uma assinatura premium.<\/p>    <p><strong>D\u00e1 para usar os aplicativos offline?<\/strong><\/p>    <p>Vai depender do aplicativo. Recursos como leitura de vers\u00edculos j\u00e1 baixados, quase sempre est\u00e3o dispon\u00edveis offline, mas recebimento de atualiza\u00e7\u00f5es e escuta de \u00e1udios necessitam de conex\u00e3o na maioria dos casos.<\/p>    <h2 class=\"wp-block-heading\"><strong>Conclusi\u00f3n<\/strong><\/h2>    <p>Por fim, os <strong>aplicativos crist\u00e3os<\/strong> j\u00e1 n\u00e3o s\u00e3o apenas uma tend\u00eancia, mas sim <strong>ferramentas poderosas<\/strong> para manter o foco na f\u00e9 em meio \u00e0 rotina agitada.<\/p>    <p>Existem op\u00e7\u00f5es para todos os perfis, desde estudiosos da B\u00edblia at\u00e9 quem busca apenas conex\u00e3o asespiritual. O importante mesmo \u00e9 que explorar essas ferramentas pode ser um passo para <strong>enriquecer sua jornada de f\u00e9<\/strong>.<\/p>    <p>E se voc\u00ea quer saber mais sobre esses aplicativos e como utiliz\u00e1-los de maneira pr\u00e1tica, confira nossa lista detalhada de melhores <strong>aplicativos crist\u00e3os<\/strong>!<\/p>","protected":false},"excerpt":{"rendered":"<p>O Cristianismo vem mudando completamente a sua imagem, passando de uma pr\u00e1tica considerada por muitos retr\u00f3grada para uma religi\u00e3o muito mais jovial e acess\u00edvel. E \u00e9 na tecnologia que a f\u00e9 crist\u00e3 encontra um poderoso aliado para fortalecer a espiritualidade dos seus fi\u00e9is no dia a dia. Em especial, os aplicativos crist\u00e3os t\u00eam ajudado a &#8230; <a title=\"Aplicativos Crist\u00e3os: Deixando a F\u00e9 Mais Perto de Voc\u00ea (e no seu Celular!)\" class=\"read-more\" href=\"https:\/\/saiunojornal.com.br\/es\/aplicativos-cristaos-deixando-a-fe-mais-perto-de-voce-e-no-seu-celular\/\" aria-label=\"Leer m\u00e1s sobre Aplicativos Crist\u00e3os: Deixando a F\u00e9 Mais Perto de Voc\u00ea (e no seu Celular!)\">Seguir leyendo<\/a><\/p>","protected":false},"author":6,"featured_media":3550,"parent":0,"menu_order":0,"comment_status":"closed","ping_status":"closed","template":"","meta":{"footnotes":""},"class_list":["post-3555","page","type-page","status-publish","has-post-thumbnail"],"yoast_head":"<!-- This site is optimized with the Yoast SEO plugin v27.3 - https:\/\/yoast.com\/product\/yoast-seo-wordpress\/ -->\n<title>Aplicativos Crist\u00e3os: Deixando a F\u00e9 Mais Perto de Voc\u00ea (e no seu Celular!) &#187; Saiu no Jornal<\/title>\n<meta name=\"robots\" content=\"index, follow, max-snippet:-1, max-image-preview:large, max-video-preview:-1\" \/>\n<link rel=\"canonical\" href=\"https:\/\/saiunojornal.com.br\/es\/aplicativos-cristaos-deixando-a-fe-mais-perto-de-voce-e-no-seu-celular\/\" \/>\n<meta property=\"og:locale\" content=\"es_ES\" \/>\n<meta property=\"og:type\" content=\"article\" \/>\n<meta property=\"og:title\" content=\"Aplicativos Crist\u00e3os: Deixando a F\u00e9 Mais Perto de Voc\u00ea (e no seu Celular!) &#187; Saiu no Jornal\" \/>\n<meta property=\"og:description\" content=\"O Cristianismo vem mudando completamente a sua imagem, passando de uma pr\u00e1tica considerada por muitos retr\u00f3grada para uma religi\u00e3o muito mais jovial e acess\u00edvel. E \u00e9 na tecnologia que a f\u00e9 crist\u00e3 encontra um poderoso aliado para fortalecer a espiritualidade dos seus fi\u00e9is no dia a dia. Em especial, os aplicativos crist\u00e3os t\u00eam ajudado a ... Leer m\u00e1s\" \/>\n<meta property=\"og:url\" content=\"https:\/\/saiunojornal.com.br\/es\/aplicativos-cristaos-deixando-a-fe-mais-perto-de-voce-e-no-seu-celular\/\" \/>\n<meta property=\"og:site_name\" content=\"Saiu no Jornal\" \/>\n<meta property=\"article:modified_time\" content=\"2025-06-05T13:10:32+00:00\" \/>\n<meta property=\"og:image\" content=\"https:\/\/saiunojornal.com.br\/wp-content\/uploads\/2025\/06\/pexels-caleboquendo-3229848-scaled.jpg\" \/>\n\t<meta property=\"og:image:width\" content=\"2560\" \/>\n\t<meta property=\"og:image:height\" content=\"1707\" \/>\n\t<meta property=\"og:image:type\" content=\"image\/jpeg\" \/>\n<meta name=\"twitter:card\" content=\"summary_large_image\" \/>\n<meta name=\"twitter:label1\" content=\"Tiempo de lectura\" \/>\n\t<meta name=\"twitter:data1\" content=\"5 minutos\" \/>\n<script type=\"application\/ld+json\" class=\"yoast-schema-graph\">{\"@context\":\"https:\\\/\\\/schema.org\",\"@graph\":[{\"@type\":\"WebPage\",\"@id\":\"https:\\\/\\\/saiunojornal.com.br\\\/aplicativos-cristaos-deixando-a-fe-mais-perto-de-voce-e-no-seu-celular\\\/\",\"url\":\"https:\\\/\\\/saiunojornal.com.br\\\/aplicativos-cristaos-deixando-a-fe-mais-perto-de-voce-e-no-seu-celular\\\/\",\"name\":\"Aplicativos Crist\u00e3os: Deixando a F\u00e9 Mais Perto de Voc\u00ea (e no seu Celular!) &#187; Saiu no Jornal\",\"isPartOf\":{\"@id\":\"https:\\\/\\\/saiunojornal.com.br\\\/#website\"},\"primaryImageOfPage\":{\"@id\":\"https:\\\/\\\/saiunojornal.com.br\\\/aplicativos-cristaos-deixando-a-fe-mais-perto-de-voce-e-no-seu-celular\\\/#primaryimage\"},\"image\":{\"@id\":\"https:\\\/\\\/saiunojornal.com.br\\\/aplicativos-cristaos-deixando-a-fe-mais-perto-de-voce-e-no-seu-celular\\\/#primaryimage\"},\"thumbnailUrl\":\"https:\\\/\\\/saiunojornal.com.br\\\/wp-content\\\/uploads\\\/2025\\\/06\\\/pexels-caleboquendo-3229848-scaled.jpg\",\"datePublished\":\"2025-06-05T13:10:29+00:00\",\"dateModified\":\"2025-06-05T13:10:32+00:00\",\"breadcrumb\":{\"@id\":\"https:\\\/\\\/saiunojornal.com.br\\\/aplicativos-cristaos-deixando-a-fe-mais-perto-de-voce-e-no-seu-celular\\\/#breadcrumb\"},\"inLanguage\":\"es\",\"potentialAction\":[{\"@type\":\"ReadAction\",\"target\":[\"https:\\\/\\\/saiunojornal.com.br\\\/aplicativos-cristaos-deixando-a-fe-mais-perto-de-voce-e-no-seu-celular\\\/\"]}]},{\"@type\":\"ImageObject\",\"inLanguage\":\"es\",\"@id\":\"https:\\\/\\\/saiunojornal.com.br\\\/aplicativos-cristaos-deixando-a-fe-mais-perto-de-voce-e-no-seu-celular\\\/#primaryimage\",\"url\":\"https:\\\/\\\/saiunojornal.com.br\\\/wp-content\\\/uploads\\\/2025\\\/06\\\/pexels-caleboquendo-3229848-scaled.jpg\",\"contentUrl\":\"https:\\\/\\\/saiunojornal.com.br\\\/wp-content\\\/uploads\\\/2025\\\/06\\\/pexels-caleboquendo-3229848-scaled.jpg\",\"width\":2560,\"height\":1707},{\"@type\":\"BreadcrumbList\",\"@id\":\"https:\\\/\\\/saiunojornal.com.br\\\/aplicativos-cristaos-deixando-a-fe-mais-perto-de-voce-e-no-seu-celular\\\/#breadcrumb\",\"itemListElement\":[{\"@type\":\"ListItem\",\"position\":1,\"name\":\"In\u00edcio\",\"item\":\"https:\\\/\\\/saiunojornal.com.br\\\/\"},{\"@type\":\"ListItem\",\"position\":2,\"name\":\"Aplicativos Crist\u00e3os: Deixando a F\u00e9 Mais Perto de Voc\u00ea (e no seu Celular!)\"}]},{\"@type\":\"WebSite\",\"@id\":\"https:\\\/\\\/saiunojornal.com.br\\\/#website\",\"url\":\"https:\\\/\\\/saiunojornal.com.br\\\/\",\"name\":\"Saiu no Jornal\",\"description\":\"\",\"potentialAction\":[{\"@type\":\"SearchAction\",\"target\":{\"@type\":\"EntryPoint\",\"urlTemplate\":\"https:\\\/\\\/saiunojornal.com.br\\\/?s={search_term_string}\"},\"query-input\":{\"@type\":\"PropertyValueSpecification\",\"valueRequired\":true,\"valueName\":\"search_term_string\"}}],\"inLanguage\":\"es\"}]}<\/script>\n<!-- \/ Yoast SEO plugin. -->","yoast_head_json":{"title":"Aplicativos Crist\u00e3os: Deixando a F\u00e9 Mais Perto de Voc\u00ea (e no seu Celular!) &#187; Saiu no Jornal","robots":{"index":"index","follow":"follow","max-snippet":"max-snippet:-1","max-image-preview":"max-image-preview:large","max-video-preview":"max-video-preview:-1"},"canonical":"https:\/\/saiunojornal.com.br\/es\/aplicativos-cristaos-deixando-a-fe-mais-perto-de-voce-e-no-seu-celular\/","og_locale":"es_ES","og_type":"article","og_title":"Aplicativos Crist\u00e3os: Deixando a F\u00e9 Mais Perto de Voc\u00ea (e no seu Celular!) &#187; Saiu no Jornal","og_description":"O Cristianismo vem mudando completamente a sua imagem, passando de uma pr\u00e1tica considerada por muitos retr\u00f3grada para uma religi\u00e3o muito mais jovial e acess\u00edvel. E \u00e9 na tecnologia que a f\u00e9 crist\u00e3 encontra um poderoso aliado para fortalecer a espiritualidade dos seus fi\u00e9is no dia a dia. Em especial, os aplicativos crist\u00e3os t\u00eam ajudado a ... Leer m\u00e1s","og_url":"https:\/\/saiunojornal.com.br\/es\/aplicativos-cristaos-deixando-a-fe-mais-perto-de-voce-e-no-seu-celular\/","og_site_name":"Saiu no Jornal","article_modified_time":"2025-06-05T13:10:32+00:00","og_image":[{"width":2560,"height":1707,"url":"https:\/\/saiunojornal.com.br\/wp-content\/uploads\/2025\/06\/pexels-caleboquendo-3229848-scaled.jpg","type":"image\/jpeg"}],"twitter_card":"summary_large_image","twitter_misc":{"Tiempo de lectura":"5 minutos"},"schema":{"@context":"https:\/\/schema.org","@graph":[{"@type":"WebPage","@id":"https:\/\/saiunojornal.com.br\/aplicativos-cristaos-deixando-a-fe-mais-perto-de-voce-e-no-seu-celular\/","url":"https:\/\/saiunojornal.com.br\/aplicativos-cristaos-deixando-a-fe-mais-perto-de-voce-e-no-seu-celular\/","name":"Aplicativos Crist\u00e3os: Deixando a F\u00e9 Mais Perto de Voc\u00ea (e no seu Celular!) &#187; Saiu no Jornal","isPartOf":{"@id":"https:\/\/saiunojornal.com.br\/#website"},"primaryImageOfPage":{"@id":"https:\/\/saiunojornal.com.br\/aplicativos-cristaos-deixando-a-fe-mais-perto-de-voce-e-no-seu-celular\/#primaryimage"},"image":{"@id":"https:\/\/saiunojornal.com.br\/aplicativos-cristaos-deixando-a-fe-mais-perto-de-voce-e-no-seu-celular\/#primaryimage"},"thumbnailUrl":"https:\/\/saiunojornal.com.br\/wp-content\/uploads\/2025\/06\/pexels-caleboquendo-3229848-scaled.jpg","datePublished":"2025-06-05T13:10:29+00:00","dateModified":"2025-06-05T13:10:32+00:00","breadcrumb":{"@id":"https:\/\/saiunojornal.com.br\/aplicativos-cristaos-deixando-a-fe-mais-perto-de-voce-e-no-seu-celular\/#breadcrumb"},"inLanguage":"es","potentialAction":[{"@type":"ReadAction","target":["https:\/\/saiunojornal.com.br\/aplicativos-cristaos-deixando-a-fe-mais-perto-de-voce-e-no-seu-celular\/"]}]},{"@type":"ImageObject","inLanguage":"es","@id":"https:\/\/saiunojornal.com.br\/aplicativos-cristaos-deixando-a-fe-mais-perto-de-voce-e-no-seu-celular\/#primaryimage","url":"https:\/\/saiunojornal.com.br\/wp-content\/uploads\/2025\/06\/pexels-caleboquendo-3229848-scaled.jpg","contentUrl":"https:\/\/saiunojornal.com.br\/wp-content\/uploads\/2025\/06\/pexels-caleboquendo-3229848-scaled.jpg","width":2560,"height":1707},{"@type":"BreadcrumbList","@id":"https:\/\/saiunojornal.com.br\/aplicativos-cristaos-deixando-a-fe-mais-perto-de-voce-e-no-seu-celular\/#breadcrumb","itemListElement":[{"@type":"ListItem","position":1,"name":"In\u00edcio","item":"https:\/\/saiunojornal.com.br\/"},{"@type":"ListItem","position":2,"name":"Aplicativos Crist\u00e3os: Deixando a F\u00e9 Mais Perto de Voc\u00ea (e no seu Celular!)"}]},{"@type":"WebSite","@id":"https:\/\/saiunojornal.com.br\/#website","url":"https:\/\/saiunojornal.com.br\/","name":"Apareci\u00f3 en el peri\u00f3dico","description":"","potentialAction":[{"@type":"SearchAction","target":{"@type":"EntryPoint","urlTemplate":"https:\/\/saiunojornal.com.br\/?s={search_term_string}"},"query-input":{"@type":"PropertyValueSpecification","valueRequired":true,"valueName":"search_term_string"}}],"inLanguage":"es"}]}},"jetpack_sharing_enabled":true,"_links":{"self":[{"href":"https:\/\/saiunojornal.com.br\/es\/wp-json\/wp\/v2\/pages\/3555","targetHints":{"allow":["GET"]}}],"collection":[{"href":"https:\/\/saiunojornal.com.br\/es\/wp-json\/wp\/v2\/pages"}],"about":[{"href":"https:\/\/saiunojornal.com.br\/es\/wp-json\/wp\/v2\/types\/page"}],"author":[{"embeddable":true,"href":"https:\/\/saiunojornal.com.br\/es\/wp-json\/wp\/v2\/users\/6"}],"replies":[{"embeddable":true,"href":"https:\/\/saiunojornal.com.br\/es\/wp-json\/wp\/v2\/comments?post=3555"}],"version-history":[{"count":1,"href":"https:\/\/saiunojornal.com.br\/es\/wp-json\/wp\/v2\/pages\/3555\/revisions"}],"predecessor-version":[{"id":3556,"href":"https:\/\/saiunojornal.com.br\/es\/wp-json\/wp\/v2\/pages\/3555\/revisions\/3556"}],"wp:featuredmedia":[{"embeddable":true,"href":"https:\/\/saiunojornal.com.br\/es\/wp-json\/wp\/v2\/media\/3550"}],"wp:attachment":[{"href":"https:\/\/saiunojornal.com.br\/es\/wp-json\/wp\/v2\/media?parent=3555"}],"curies":[{"name":"wp","href":"https:\/\/api.w.org\/{rel}","templated":true}]}}